{"id":10,"date":"2023-02-06T13:40:58","date_gmt":"2023-02-06T13:40:58","guid":{"rendered":"https:\/\/metalgas.pay2commerce.com\/?page_id=10"},"modified":"2023-02-08T20:23:17","modified_gmt":"2023-02-08T20:23:17","slug":"politicas-de-devolucion","status":"publish","type":"page","link":"https:\/\/metalgas.com.do\/en\/politicas-de-devolucion\/","title":{"rendered":"Return Policy"},"content":{"rendered":"<div data-elementor-type=\"wp-page\" data-elementor-id=\"10\" class=\"elementor elementor-10\" data-elementor-post-type=\"page\">\n\t\t\t\t\t\t<section class=\"elementor-section elementor-top-section elementor-element elementor-element-aacc052 elementor-section-boxed elementor-section-height-default elementor-section-height-default\" data-id=\"aacc052\" data-element_type=\"section\" data-e-type=\"section\">\n\t\t\t\t\t\t<div class=\"elementor-container elementor-column-gap-default\">\n\t\t\t\t\t<div class=\"elementor-column elementor-col-100 elementor-top-column elementor-element elementor-element-3eaba581\" data-id=\"3eaba581\" data-element_type=\"column\" data-e-type=\"column\">\n\t\t\t<div class=\"elementor-widget-wrap elementor-element-populated\">\n\t\t\t\t\t\t<div class=\"elementor-element elementor-element-6d50539d elementor-widget elementor-widget-text-editor\" data-id=\"6d50539d\" data-element_type=\"widget\" data-e-type=\"widget\" data-widget_type=\"text-editor.default\">\n\t\t\t\t<div class=\"elementor-widget-container\">\n\t\t\t\t\t\t\t\t\t\n<p><span style=\"font-weight: 400;\">Changes and returns will only be possible within the Dominican Republic. They do not apply to other countries.<\/span><\/p>\n<p><span style=\"font-weight: 400;\">Changes and returns can be made up to 15 days after the purchase. Claims related to changes and returns will not be accepted after this period.<\/span><\/p>\n<p><span style=\"font-weight: 400;\">In cases of defects or breakdowns of a device under guarantee, claims will be accepted for the period of validity of the guarantee. The guarantee is only valid within the Dominican Republic.<\/span><\/p>\n<p><strong>Return for damaged product.<\/strong><\/p>\n<p><span style=\"font-weight: 400;\">If a product arrived damaged or in poor condition, metalgas.com.do will collect the damaged product and send you a new product, as long as it is in stock, otherwise you will be given a coupon for the amount paid for the product. product to redeem in another purchase in a period of less than 30 business days.<\/span><\/p>\n<p><span style=\"font-weight: 400;\">The maximum period to request a return for a damaged product is 48 business hours from the date of receipt of the order. To request a return you must send an email to metalgas@metalgas.net with the following information:\u00a0<\/span><\/p>\n<p><span style=\"font-weight: 400;\">-Order number.<\/span><\/p>\n<p><span style=\"font-weight: 400;\">-Product model damaged or in poor condition.<\/span><\/p>\n<p><span style=\"font-weight: 400;\">-Quantity (if there are several pieces of the same model).<\/span><\/p>\n<p><strong>-Photograph of the product damaged or in poor condition.<\/strong><\/p>\n<p><span style=\"font-weight: 400;\">Your request will be attended to within a maximum period of 24 business hours. If the return is authorized by the Customer Service area, you must comply with the following process to return a new product:<\/span><\/p>\n<ul>\n<li><span style=\"font-weight: 400;\"> We will coordinate a place to pick up the damaged product, once we review the product and verify its status, we will proceed to make the change.<\/span><\/li>\n<\/ul>\n<p><strong>Return due to an error in the product shipped.<\/strong><\/p>\n<p><span style=\"font-weight: 400;\">If you received an incorrect product, metalgas.com.do will collect the incorrect product and we will send you the correct product, as long as it is in stock, otherwise you will be given a coupon for the amount paid for the product to redeem at another purchase in a period of less than 30 business days.<\/span><\/p>\n<p><span style=\"font-weight: 400;\">The maximum period to request a return for an incorrect product is 48 business hours from the date of receipt of the order. To request a return you must send an email to metalgas@metalgas.net with the following information:\u00a0<\/span><\/p>\n<p><span style=\"font-weight: 400;\">-Order number.<\/span><\/p>\n<p><span style=\"font-weight: 400;\">-Photograph of the wrong product.<\/span><\/p>\n<p><span style=\"font-weight: 400;\">-Correct Product model.<\/span><\/p>\n<p><span style=\"font-weight: 400;\">-Quantity (if there are several pieces of the same model).<\/span><\/p>\n<p><strong>Return for missing product.<\/strong><\/p>\n<p><span style=\"font-weight: 400;\">If you were missing a product and it is determined that the missing product comes from our warehouse, metalgas.com.do will send you the missing product, as long as it is in stock, otherwise you will be granted a coupon for the amount paid for said product. You can use the coupon on another purchase and it is valid for 30 business days.<\/span><\/p>\n<p><span style=\"font-weight: 400;\">The maximum period to report a missing product is 48 business hours from the date of receipt of the order. To request the shipment of the missing product you must send an email to metalgas@metalgas.net with the following information:<\/span><\/p>\n<p><span style=\"font-weight: 400;\">-Order number.<\/span><\/p>\n<p><span style=\"font-weight: 400;\">-Model and number of parts of the missing Product.<\/span><\/p>\n<p><span style=\"font-weight: 400;\">-Photo inside and outside of the box to verify that it has our tape\/seal and no additional elements.\u00a0<\/span><\/p>\n<p><span style=\"font-weight: 400;\">Your request will be attended to within a maximum period of 24 business hours.<\/span><\/p>\n<p><span style=\"font-weight: 400;\">The objective of this document is to establish the merchandise return policy, of the Products sold by MetalGas SRL, you may accept the return of any product as long as it complies with each and every one of the conditions established in the following return policy. Returns:<\/span><\/p>\n<p><span style=\"font-weight: 400;\">\u2013 The maximum period to receive a product return will be 5 (five) business days from the invoice date, there are no exceptions.<\/span><\/p>\n<p><span style=\"font-weight: 400;\">\u2013 The product must be complete, in perfect condition for its closed sale, the seals, packaging, manuals and accessories must be original.<\/span><\/p>\n<p><span style=\"font-weight: 400;\">\u2013 Our Return Policy may change without prior notice.<\/span><\/p>\n<p><span style=\"font-weight: 400;\">\u2013 The freight charge will not be refunded in the initial invoice.<\/span><\/p>\n<p><span style=\"font-weight: 400;\">\u2013 Any return will be reimbursed if applicable, by means of a credit note, applicable to a current or future invoice. In no case will cash be refunded.<\/span><\/p>\n<p><span style=\"font-weight: 400;\">\u2013 Returns are not accepted due to low inventory turnover or on request, except for specific agreements and\/or authorized by the Commercial Department of MetalGas SRL. We inform you that for no reason can a returned product be accepted even when confirmation has been received if it meets any of the following cases:<\/span><\/p>\n<p><span style=\"font-weight: 400;\">The product was used.<\/span><\/p>\n<p><span style=\"font-weight: 400;\">The product packaging or boxes have non-original labels or are violated; are scratched, bumped, dirty or otherwise abused.<\/span><\/p>\n<p><span style=\"font-weight: 400;\">The packaging or boxes are not original or are open.<\/span><\/p>\n<p><span style=\"font-weight: 400;\">The product has been requested on order (backorder).<\/span><\/p>\n<p><span style=\"font-weight: 400;\">The product is expired or offline.<\/span><\/p>\n<p><span style=\"font-weight: 400;\">The product was sold by a special or auction promotion.<\/span><\/p>\n<p><strong>RETURNS: PROCEDURE<\/strong><\/p>\n<p><span style=\"font-weight: 400;\">1.- The Client must request the authorization to return the product, using the RMA (Return Merchandise Authorization) format, in which he can fill out electronically. (If you don&#039;t know the procedure, you can download it HERE). Once your request has been received by this means, www.metalgas.com undertakes to confirm your registration via email. devoluciones@metalgas.com, reserves the right to accept said return (Even when an RMA authorization number has been assigned, since it is a prior review of the product. In the case of not proceeding, we will notify the customer in 72 hrs., at the latest. The Customer must return the merchandise at its own expense, no later than 48 hrs, after receiving the NOTICE, from MetalGas SRL. All returns will be taken at the Invoice price.<\/span><\/p>\n<p><span style=\"font-weight: 400;\">The reimbursement for all cases will be through a credit note and will be applicable to the original invoice, or if it has been paid, to the oldest one. In no case will MetalGas grant money in cash.<\/span><\/p>\n<p><span style=\"font-weight: 400;\">2.- MetalGas SRL, may receive merchandise as a Return at its facilities only and exclusively when it has an Authorization Number. Products whose poor condition is NOT caused by our warehouses or their carriers are not accepted. In case of receiving merchandise with damaged packaging or boxes, it will be the customer&#039;s responsibility to specify it on the invoice or in the guide at the time of receiving the product, since otherwise; Claims or subsequent guarantees will not be accepted in products with damaged packaging and with this there will be a precedent.<\/span><\/p>\n<p><span style=\"font-weight: 400;\">3.- MetalGas SRL, is not responsible for merchandise sent without Authorization Number.<\/span><\/p>\n<p><span style=\"font-weight: 400;\">4.- MetalGas SRL, will be automatically responsible for merchandise that results in a manufacturing defect or due to internal, verifiable omissions and attributable to our Company.<\/span><\/p>\n<p><span style=\"font-weight: 400;\">5.- In the case of Returns generated by omissions of the Client, MetalGas SRL, IS NOT RESPONSIBLE for additional costs generated, for which the Client agrees to cover any additional cost incurred due to the Return. This includes outbound freight, return freight, transportation insurance cost, damaged or missing merchandise, and any other additional charges.<\/span><\/p>\n<p><span style=\"font-weight: 400;\">6.- In the case of products that were requested by specific order or promotional products, NO RETURNS WILL BE ACCEPTED.<\/span><\/p>\n<p><span style=\"font-weight: 400;\">7.- MetalGas SRL, reserves the right to admit Returns that are outside of the previously stated clauses.<\/span><\/p>\n<p><span style=\"font-weight: 400;\">Our desire is to serve you with the highest possible quality.<\/span><\/p>\n<p>\u00a0<\/p>\n\t\t\t\t\t\t\t\t<\/div>\n\t\t\t\t<\/div>\n\t\t\t\t\t<\/div>\n\t\t<\/div>\n\t\t\t\t\t<\/div>\n\t\t<\/section>\n\t\t\t\t<\/div>","protected":false},"excerpt":{"rendered":"<p>Los cambios y devoluciones s\u00f3lo ser\u00e1n posibles dentro de la Rep\u00fablica Dominicana. Los mismos no aplican para otros pa\u00edses. Los cambios y devoluciones pueden ser realizados hasta 15 d\u00edas despu\u00e9s<\/p>","protected":false},"author":6,"featured_media":0,"parent":0,"menu_order":0,"comment_status":"closed","ping_status":"closed","template":"","meta":{"_joinchat":[],"footnotes":""},"class_list":["post-10","page","type-page","status-publish","hentry"],"yoast_head":"<!-- This site is optimized with the Yoast SEO plugin v27.5 - https:\/\/yoast.com\/product\/yoast-seo-wordpress\/ -->\n<title>Politicas de devoluci\u00f3n - METALGAS SRL<\/title>\n<meta name=\"robots\" content=\"index, follow, max-snippet:-1, max-image-preview:large, max-video-preview:-1\" \/>\n<link rel=\"canonical\" href=\"https:\/\/metalgas.com.do\/en\/politicas-de-devolucion\/\" \/>\n<meta property=\"og:locale\" content=\"en_US\" \/>\n<meta property=\"og:type\" content=\"article\" \/>\n<meta property=\"og:title\" content=\"Politicas de devoluci\u00f3n - METALGAS SRL\" \/>\n<meta property=\"og:description\" content=\"Los cambios y devoluciones s\u00f3lo ser\u00e1n posibles dentro de la Rep\u00fablica Dominicana. Los mismos no aplican para otros pa\u00edses. Los cambios y devoluciones pueden ser realizados hasta 15 d\u00edas despu\u00e9s\" \/>\n<meta property=\"og:url\" content=\"https:\/\/metalgas.com.do\/en\/politicas-de-devolucion\/\" \/>\n<meta property=\"og:site_name\" content=\"METALGAS SRL\" \/>\n<meta property=\"article:publisher\" content=\"https:\/\/www.facebook.com\/metalgasdr\" \/>\n<meta property=\"article:modified_time\" content=\"2023-02-08T20:23:17+00:00\" \/>\n<meta name=\"twitter:card\" content=\"summary_large_image\" \/>\n<meta name=\"twitter:label1\" content=\"Est. reading time\" \/>\n\t<meta name=\"twitter:data1\" content=\"7 minutes\" \/>\n<script type=\"application\/ld+json\" class=\"yoast-schema-graph\">{\"@context\":\"https:\\\/\\\/schema.org\",\"@graph\":[{\"@type\":\"WebPage\",\"@id\":\"https:\\\/\\\/metalgas.com.do\\\/politicas-de-devolucion\\\/\",\"url\":\"https:\\\/\\\/metalgas.com.do\\\/politicas-de-devolucion\\\/\",\"name\":\"Politicas de devoluci\u00f3n - METALGAS SRL\",\"isPartOf\":{\"@id\":\"https:\\\/\\\/metalgas.com.do\\\/#website\"},\"datePublished\":\"2023-02-06T13:40:58+00:00\",\"dateModified\":\"2023-02-08T20:23:17+00:00\",\"breadcrumb\":{\"@id\":\"https:\\\/\\\/metalgas.com.do\\\/politicas-de-devolucion\\\/#breadcrumb\"},\"inLanguage\":\"en-US\",\"potentialAction\":[{\"@type\":\"ReadAction\",\"target\":[\"https:\\\/\\\/metalgas.com.do\\\/politicas-de-devolucion\\\/\"]}]},{\"@type\":\"BreadcrumbList\",\"@id\":\"https:\\\/\\\/metalgas.com.do\\\/politicas-de-devolucion\\\/#breadcrumb\",\"itemListElement\":[{\"@type\":\"ListItem\",\"position\":1,\"name\":\"Portada\",\"item\":\"https:\\\/\\\/metalgas.com.do\\\/\"},{\"@type\":\"ListItem\",\"position\":2,\"name\":\"Politicas de devoluci\u00f3n\"}]},{\"@type\":\"WebSite\",\"@id\":\"https:\\\/\\\/metalgas.com.do\\\/#website\",\"url\":\"https:\\\/\\\/metalgas.com.do\\\/\",\"name\":\"METALGAS SRL\",\"description\":\"Con gran gama de productos tanto de fabricaci\u00f3n local como de representaciones de marcas internacionales.\",\"publisher\":{\"@id\":\"https:\\\/\\\/metalgas.com.do\\\/#organization\"},\"potentialAction\":[{\"@type\":\"SearchAction\",\"target\":{\"@type\":\"EntryPoint\",\"urlTemplate\":\"https:\\\/\\\/metalgas.com.do\\\/?s={search_term_string}\"},\"query-input\":{\"@type\":\"PropertyValueSpecification\",\"valueRequired\":true,\"valueName\":\"search_term_string\"}}],\"inLanguage\":\"en-US\"},{\"@type\":\"Organization\",\"@id\":\"https:\\\/\\\/metalgas.com.do\\\/#organization\",\"name\":\"METALGAS SRL\",\"url\":\"https:\\\/\\\/metalgas.com.do\\\/\",\"logo\":{\"@type\":\"ImageObject\",\"inLanguage\":\"en-US\",\"@id\":\"https:\\\/\\\/metalgas.com.do\\\/#\\\/schema\\\/logo\\\/image\\\/\",\"url\":\"https:\\\/\\\/metalgas.com.do\\\/wp-content\\\/uploads\\\/2023\\\/02\\\/Logos-Metalgas.svg\",\"contentUrl\":\"https:\\\/\\\/metalgas.com.do\\\/wp-content\\\/uploads\\\/2023\\\/02\\\/Logos-Metalgas.svg\",\"width\":1112,\"height\":179,\"caption\":\"METALGAS SRL\"},\"image\":{\"@id\":\"https:\\\/\\\/metalgas.com.do\\\/#\\\/schema\\\/logo\\\/image\\\/\"},\"sameAs\":[\"https:\\\/\\\/www.facebook.com\\\/metalgasdr\",\"https:\\\/\\\/www.instagram.com\\\/metalgasrd\\\/?hl=es\"]}]}<\/script>\n<!-- \/ Yoast SEO plugin. -->","yoast_head_json":{"title":"Politicas de devoluci\u00f3n - METALGAS SRL","robots":{"index":"index","follow":"follow","max-snippet":"max-snippet:-1","max-image-preview":"max-image-preview:large","max-video-preview":"max-video-preview:-1"},"canonical":"https:\/\/metalgas.com.do\/en\/politicas-de-devolucion\/","og_locale":"en_US","og_type":"article","og_title":"Politicas de devoluci\u00f3n - METALGAS SRL","og_description":"Los cambios y devoluciones s\u00f3lo ser\u00e1n posibles dentro de la Rep\u00fablica Dominicana. Los mismos no aplican para otros pa\u00edses. Los cambios y devoluciones pueden ser realizados hasta 15 d\u00edas despu\u00e9s","og_url":"https:\/\/metalgas.com.do\/en\/politicas-de-devolucion\/","og_site_name":"METALGAS SRL","article_publisher":"https:\/\/www.facebook.com\/metalgasdr","article_modified_time":"2023-02-08T20:23:17+00:00","twitter_card":"summary_large_image","twitter_misc":{"Est. reading time":"7 minutes"},"schema":{"@context":"https:\/\/schema.org","@graph":[{"@type":"WebPage","@id":"https:\/\/metalgas.com.do\/politicas-de-devolucion\/","url":"https:\/\/metalgas.com.do\/politicas-de-devolucion\/","name":"Politicas de devoluci\u00f3n - METALGAS SRL","isPartOf":{"@id":"https:\/\/metalgas.com.do\/#website"},"datePublished":"2023-02-06T13:40:58+00:00","dateModified":"2023-02-08T20:23:17+00:00","breadcrumb":{"@id":"https:\/\/metalgas.com.do\/politicas-de-devolucion\/#breadcrumb"},"inLanguage":"en-US","potentialAction":[{"@type":"ReadAction","target":["https:\/\/metalgas.com.do\/politicas-de-devolucion\/"]}]},{"@type":"BreadcrumbList","@id":"https:\/\/metalgas.com.do\/politicas-de-devolucion\/#breadcrumb","itemListElement":[{"@type":"ListItem","position":1,"name":"Portada","item":"https:\/\/metalgas.com.do\/"},{"@type":"ListItem","position":2,"name":"Politicas de devoluci\u00f3n"}]},{"@type":"WebSite","@id":"https:\/\/metalgas.com.do\/#website","url":"https:\/\/metalgas.com.do\/","name":"METALGAS SRL","description":"With a wide range of products both locally manufactured and international brand representatives.","publisher":{"@id":"https:\/\/metalgas.com.do\/#organization"},"potentialAction":[{"@type":"SearchAction","target":{"@type":"EntryPoint","urlTemplate":"https:\/\/metalgas.com.do\/?s={search_term_string}"},"query-input":{"@type":"PropertyValueSpecification","valueRequired":true,"valueName":"search_term_string"}}],"inLanguage":"en-US"},{"@type":"Organization","@id":"https:\/\/metalgas.com.do\/#organization","name":"METALGAS SRL","url":"https:\/\/metalgas.com.do\/","logo":{"@type":"ImageObject","inLanguage":"en-US","@id":"https:\/\/metalgas.com.do\/#\/schema\/logo\/image\/","url":"https:\/\/metalgas.com.do\/wp-content\/uploads\/2023\/02\/Logos-Metalgas.svg","contentUrl":"https:\/\/metalgas.com.do\/wp-content\/uploads\/2023\/02\/Logos-Metalgas.svg","width":1112,"height":179,"caption":"METALGAS SRL"},"image":{"@id":"https:\/\/metalgas.com.do\/#\/schema\/logo\/image\/"},"sameAs":["https:\/\/www.facebook.com\/metalgasdr","https:\/\/www.instagram.com\/metalgasrd\/?hl=es"]}]}},"_links":{"self":[{"href":"https:\/\/metalgas.com.do\/en\/wp-json\/wp\/v2\/pages\/10","targetHints":{"allow":["GET"]}}],"collection":[{"href":"https:\/\/metalgas.com.do\/en\/wp-json\/wp\/v2\/pages"}],"about":[{"href":"https:\/\/metalgas.com.do\/en\/wp-json\/wp\/v2\/types\/page"}],"author":[{"embeddable":true,"href":"https:\/\/metalgas.com.do\/en\/wp-json\/wp\/v2\/users\/6"}],"replies":[{"embeddable":true,"href":"https:\/\/metalgas.com.do\/en\/wp-json\/wp\/v2\/comments?post=10"}],"version-history":[{"count":4,"href":"https:\/\/metalgas.com.do\/en\/wp-json\/wp\/v2\/pages\/10\/revisions"}],"predecessor-version":[{"id":7121,"href":"https:\/\/metalgas.com.do\/en\/wp-json\/wp\/v2\/pages\/10\/revisions\/7121"}],"wp:attachment":[{"href":"https:\/\/metalgas.com.do\/en\/wp-json\/wp\/v2\/media?parent=10"}],"curies":[{"name":"wp","href":"https:\/\/api.w.org\/{rel}","templated":true}]}}