{"id":12290,"date":"2023-12-30T17:28:56","date_gmt":"2023-12-30T17:28:56","guid":{"rendered":"https:\/\/metalgas.com.do\/?page_id=12290"},"modified":"2024-01-16T14:11:47","modified_gmt":"2024-01-16T14:11:47","slug":"ahorrate-el-vieja-envio-gratis","status":"publish","type":"page","link":"https:\/\/metalgas.com.do\/en\/ahorrate-el-vieja-envio-gratis\/","title":{"rendered":"Save the old money - free shipping"},"content":{"rendered":"<style>.elementor-12290 .elementor-element.elementor-element-1dd4126{--display:flex;--flex-direction:column;--container-widget-width:100%;--container-widget-height:initial;--container-widget-flex-grow:0;--container-widget-align-self:initial;--flex-wrap-mobile:wrap;}.elementor-12290 .elementor-element.elementor-element-64f7801{--display:flex;--flex-direction:column;--container-widget-width:100%;--container-widget-height:initial;--container-widget-flex-grow:0;--container-widget-align-self:initial;--flex-wrap-mobile:wrap;}.elementor-12290 .elementor-element.elementor-element-1fdd283{text-align:center;}.elementor-12290 .elementor-element.elementor-element-cf99120{--display:flex;--flex-direction:column;--container-widget-width:100%;--container-widget-height:initial;--container-widget-flex-grow:0;--container-widget-align-self:initial;--flex-wrap-mobile:wrap;}.elementor-12290 .elementor-element.elementor-element-1c0dfc0 .elementor-button{fill:var( --e-global-color-32bf7f7 );color:var( --e-global-color-32bf7f7 );background-color:var( --e-global-color-primary );}.elementor-12290 .elementor-element.elementor-element-ca462e4{--display:flex;--flex-direction:column;--container-widget-width:100%;--container-widget-height:initial;--container-widget-flex-grow:0;--container-widget-align-self:initial;--flex-wrap-mobile:wrap;}.elementor-12290 .elementor-element.elementor-element-a644385 .elementor-button{fill:var( --e-global-color-32bf7f7 );color:var( --e-global-color-32bf7f7 );background-color:var( --e-global-color-primary );}body.elementor-page-12290:not(.elementor-motion-effects-element-type-background), body.elementor-page-12290 > .elementor-motion-effects-container > .elementor-motion-effects-layer{background-color:#F4F4F4;}\/* Start custom CSS *\/.deals-and-tabs.row .deals-block.col-md-6.col-lg-5.col-xl-4 {\n    display: none;\n}\/* End custom CSS *\/<\/style>\t\t<div data-elementor-type=\"wp-page\" data-elementor-id=\"12290\" class=\"elementor elementor-12290\" data-elementor-post-type=\"page\">\n\t\t\t\t<div class=\"elementor-element elementor-element-1dd4126 e-flex e-con-boxed e-con e-parent\" data-id=\"1dd4126\" data-element_type=\"container\" data-e-type=\"container\">\n\t\t\t\t\t<div class=\"e-con-inner\">\n\t\t\t\t<div class=\"elementor-element elementor-element-da36d75 elementor-widget elementor-widget-image\" data-id=\"da36d75\" data-element_type=\"widget\" data-e-type=\"widget\" data-widget_type=\"image.default\">\n\t\t\t\t<div class=\"elementor-widget-container\">\n\t\t\t\t\t\t\t\t\t\t\t\t\t\t\t<img fetchpriority=\"high\" decoding=\"async\" width=\"1024\" height=\"213\" src=\"https:\/\/metalgas.com.do\/wp-content\/uploads\/2023\/12\/Untitled-1-1024x213.png\" class=\"attachment-large size-large wp-image-12255\" alt=\"\" srcset=\"https:\/\/metalgas.com.do\/wp-content\/uploads\/2023\/12\/Untitled-1-1024x213.png 1024w, https:\/\/metalgas.com.do\/wp-content\/uploads\/2023\/12\/Untitled-1-300x63.png 300w, https:\/\/metalgas.com.do\/wp-content\/uploads\/2023\/12\/Untitled-1-768x160.png 768w, https:\/\/metalgas.com.do\/wp-content\/uploads\/2023\/12\/Untitled-1-18x4.png 18w, https:\/\/metalgas.com.do\/wp-content\/uploads\/2023\/12\/Untitled-1-600x125.png 600w, https:\/\/metalgas.com.do\/wp-content\/uploads\/2023\/12\/Untitled-1.png 1200w\" sizes=\"(max-width: 1024px) 100vw, 1024px\" \/>\t\t\t\t\t\t\t\t\t\t\t\t\t\t\t<\/div>\n\t\t\t\t<\/div>\n\t\t\t\t\t<\/div>\n\t\t\t\t<\/div>\n\t\t<div class=\"elementor-element elementor-element-64f7801 e-flex e-con-boxed e-con e-parent\" data-id=\"64f7801\" data-element_type=\"container\" data-e-type=\"container\">\n\t\t\t\t\t<div class=\"e-con-inner\">\n\t\t\t\t<div class=\"elementor-element elementor-element-1fdd283 elementor-widget elementor-widget-heading\" data-id=\"1fdd283\" data-element_type=\"widget\" data-e-type=\"widget\" data-widget_type=\"heading.default\">\n\t\t\t\t<div class=\"elementor-widget-container\">\n\t\t\t\t\t<h1 class=\"elementor-heading-title elementor-size-xl\"><span style=\"--tw-border-spacing-x: 0;--tw-border-spacing-y: 0;--tw-translate-x: 0;--tw-translate-y: 0;--tw-rotate: 0;--tw-skew-x: 0;--tw-skew-y: 0;--tw-scale-x: 1;--tw-scale-y: 1;--tw-pan-x:;--tw-pan-y:;--tw-pinch-zoom:;--tw-scroll-snap-strictness: proximity;--tw-gradient-from-position:;--tw-gradient-via-position:;--tw-gradient-to-position:;--tw-ordinal:;--tw-slashed-zero:;--tw-numeric-figure:;--tw-numeric-spacing:;--tw-numeric-fraction:;--tw-ring-inset:;--tw-ring-offset-width: 0px;--tw-ring-offset-color: #fff;--tw-ring-offset-shadow: 0 0 transparent;--tw-ring-shadow: 0 0 transparent;--tw-shadow: 0 0 transparent;--tw-shadow-colored: 0 0 transparent;--tw-blur:;--tw-brightness:;--tw-contrast:;--tw-grayscale:;--tw-hue-rotate:;--tw-invert:;--tw-saturate:;--tw-sepia:;--tw-drop-shadow:;--tw-backdrop-blur:;--tw-backdrop-brightness:;--tw-backdrop-contrast:;--tw-backdrop-grayscale:;--tw-backdrop-hue-rotate:;--tw-backdrop-invert:;--tw-backdrop-opacity:;--tw-backdrop-saturate:;--tw-backdrop-sepia:;font-weight: 600;color: var(--tw-prose-bold);margin-top: 1.25em;margin-bottom: 1.25em;font-size: 30px;letter-spacing: normal;text-align: left\">Save on every order: free delivery on all your items<\/span><\/h1>\t\t\t\t<\/div>\n\t\t\t\t<\/div>\n\t\t\t\t\t<\/div>\n\t\t\t\t<\/div>\n\t\t<div class=\"elementor-element elementor-element-cf99120 e-flex e-con-boxed e-con e-parent\" data-id=\"cf99120\" data-element_type=\"container\" data-e-type=\"container\">\n\t\t\t\t\t<div class=\"e-con-inner\">\n\t\t\t\t<div class=\"elementor-element elementor-element-1c0dfc0 elementor-align-center elementor-widget elementor-widget-button\" data-id=\"1c0dfc0\" data-element_type=\"widget\" data-e-type=\"widget\" data-widget_type=\"button.default\">\n\t\t\t\t<div class=\"elementor-widget-container\">\n\t\t\t\t\t\t\t\t\t<div class=\"elementor-button-wrapper\">\n\t\t\t\t\t<a class=\"elementor-button elementor-button-link elementor-size-lg\" href=\"https:\/\/metalgas.com.do\/en\/ofertas-del-mes\/\" target=\"_blank\">\n\t\t\t\t\t\t<span class=\"elementor-button-content-wrapper\">\n\t\t\t\t\t\t\t\t\t<span class=\"elementor-button-text\">I want to see offers<\/span>\n\t\t\t\t\t<\/span>\n\t\t\t\t\t<\/a>\n\t\t\t\t<\/div>\n\t\t\t\t\t\t\t\t<\/div>\n\t\t\t\t<\/div>\n\t\t\t\t<div class=\"elementor-element elementor-element-bac5fa4 elementor-widget elementor-widget-image\" data-id=\"bac5fa4\" data-element_type=\"widget\" data-e-type=\"widget\" data-widget_type=\"image.default\">\n\t\t\t\t<div class=\"elementor-widget-container\">\n\t\t\t\t\t\t\t\t\t\t\t\t\t\t\t<img decoding=\"async\" width=\"576\" height=\"1024\" src=\"https:\/\/metalgas.com.do\/wp-content\/uploads\/2023\/12\/Como-funciona-576x1024.png\" class=\"attachment-large size-large wp-image-12292\" alt=\"\" srcset=\"https:\/\/metalgas.com.do\/wp-content\/uploads\/2023\/12\/Como-funciona-576x1024.png 576w, https:\/\/metalgas.com.do\/wp-content\/uploads\/2023\/12\/Como-funciona-169x300.png 169w, https:\/\/metalgas.com.do\/wp-content\/uploads\/2023\/12\/Como-funciona-768x1365.png 768w, https:\/\/metalgas.com.do\/wp-content\/uploads\/2023\/12\/Como-funciona-864x1536.png 864w, https:\/\/metalgas.com.do\/wp-content\/uploads\/2023\/12\/Como-funciona-7x12.png 7w, https:\/\/metalgas.com.do\/wp-content\/uploads\/2023\/12\/Como-funciona-600x1067.png 600w, https:\/\/metalgas.com.do\/wp-content\/uploads\/2023\/12\/Como-funciona.png 1080w\" sizes=\"(max-width: 576px) 100vw, 576px\" \/>\t\t\t\t\t\t\t\t\t\t\t\t\t\t\t<\/div>\n\t\t\t\t<\/div>\n\t\t\t\t\t<\/div>\n\t\t\t\t<\/div>\n\t\t<div class=\"elementor-element elementor-element-ca462e4 e-flex e-con-boxed e-con e-parent\" data-id=\"ca462e4\" data-element_type=\"container\" data-e-type=\"container\">\n\t\t\t\t\t<div class=\"e-con-inner\">\n\t\t\t\t<div class=\"elementor-element elementor-element-a644385 elementor-align-center elementor-widget elementor-widget-button\" data-id=\"a644385\" data-element_type=\"widget\" data-e-type=\"widget\" data-widget_type=\"button.default\">\n\t\t\t\t<div class=\"elementor-widget-container\">\n\t\t\t\t\t\t\t\t\t<div class=\"elementor-button-wrapper\">\n\t\t\t\t\t<a class=\"elementor-button elementor-button-link elementor-size-lg\" href=\"https:\/\/metalgas.com.do\/en\/product-category\/categorias-de-productos\/\" target=\"_blank\">\n\t\t\t\t\t\t<span class=\"elementor-button-content-wrapper\">\n\t\t\t\t\t\t\t\t\t<span class=\"elementor-button-text\">I want to go shopping<\/span>\n\t\t\t\t\t<\/span>\n\t\t\t\t\t<\/a>\n\t\t\t\t<\/div>\n\t\t\t\t\t\t\t\t<\/div>\n\t\t\t\t<\/div>\n\t\t\t\t\t<\/div>\n\t\t\t\t<\/div>\n\t\t\t\t<\/div>","protected":false},"excerpt":{"rendered":"<p>Ahorra en cada pedido: entregas gratuitas en todos tus art\u00edculos Quiero ver ofertas Quiero ir a comprar<\/p>","protected":false},"author":4,"featured_media":0,"parent":0,"menu_order":0,"comment_status":"closed","ping_status":"closed","template":"elementor_header_footer","meta":{"_joinchat":[],"footnotes":""},"class_list":["post-12290","page","type-page","status-publish","hentry"],"yoast_head":"<!-- This site is optimized with the Yoast SEO plugin v27.4 - https:\/\/yoast.com\/product\/yoast-seo-wordpress\/ -->\n<title>Ah\u00f3rrate el vieje- env\u00edo gratis - METALGAS SRL<\/title>\n<meta name=\"description\" content=\"Env\u00edo gratis. Ahorra con nuestras ofertas y en el env\u00edo. Env\u00edo gratis en toda la Rep\u00fablica Dominicana durante todo el mes de enero de 2024\" \/>\n<meta name=\"robots\" content=\"index, follow, max-snippet:-1, max-image-preview:large, max-video-preview:-1\" \/>\n<link rel=\"canonical\" href=\"https:\/\/metalgas.com.do\/en\/ahorrate-el-vieja-envio-gratis\/\" \/>\n<meta property=\"og:locale\" content=\"en_US\" \/>\n<meta property=\"og:type\" content=\"article\" \/>\n<meta property=\"og:title\" content=\"Ah\u00f3rrate el vieje- env\u00edo gratis - METALGAS SRL\" \/>\n<meta property=\"og:description\" content=\"Env\u00edo gratis. Ahorra con nuestras ofertas y en el env\u00edo. Env\u00edo gratis en toda la Rep\u00fablica Dominicana durante todo el mes de enero de 2024\" \/>\n<meta property=\"og:url\" content=\"https:\/\/metalgas.com.do\/en\/ahorrate-el-vieja-envio-gratis\/\" \/>\n<meta property=\"og:site_name\" content=\"METALGAS SRL\" \/>\n<meta property=\"article:publisher\" content=\"https:\/\/www.facebook.com\/metalgasdr\" \/>\n<meta property=\"article:modified_time\" content=\"2024-01-16T14:11:47+00:00\" \/>\n<meta property=\"og:image\" content=\"https:\/\/metalgas.com.do\/wp-content\/uploads\/2023\/12\/Untitled-1-1024x213.png\" \/>\n<meta name=\"twitter:card\" content=\"summary_large_image\" \/>\n<meta name=\"twitter:label1\" content=\"Est. reading time\" \/>\n\t<meta name=\"twitter:data1\" content=\"1 minute\" \/>\n<script type=\"application\/ld+json\" class=\"yoast-schema-graph\">{\"@context\":\"https:\\\/\\\/schema.org\",\"@graph\":[{\"@type\":\"WebPage\",\"@id\":\"https:\\\/\\\/metalgas.com.do\\\/ahorrate-el-vieja-envio-gratis\\\/\",\"url\":\"https:\\\/\\\/metalgas.com.do\\\/ahorrate-el-vieja-envio-gratis\\\/\",\"name\":\"Ah\u00f3rrate el vieje- env\u00edo gratis - METALGAS SRL\",\"isPartOf\":{\"@id\":\"https:\\\/\\\/metalgas.com.do\\\/#website\"},\"primaryImageOfPage\":{\"@id\":\"https:\\\/\\\/metalgas.com.do\\\/ahorrate-el-vieja-envio-gratis\\\/#primaryimage\"},\"image\":{\"@id\":\"https:\\\/\\\/metalgas.com.do\\\/ahorrate-el-vieja-envio-gratis\\\/#primaryimage\"},\"thumbnailUrl\":\"https:\\\/\\\/metalgas.com.do\\\/wp-content\\\/uploads\\\/2023\\\/12\\\/Untitled-1-1024x213.png\",\"datePublished\":\"2023-12-30T17:28:56+00:00\",\"dateModified\":\"2024-01-16T14:11:47+00:00\",\"description\":\"Env\u00edo gratis. Ahorra con nuestras ofertas y en el env\u00edo. Env\u00edo gratis en toda la Rep\u00fablica Dominicana durante todo el mes de enero de 2024\",\"breadcrumb\":{\"@id\":\"https:\\\/\\\/metalgas.com.do\\\/ahorrate-el-vieja-envio-gratis\\\/#breadcrumb\"},\"inLanguage\":\"en-US\",\"potentialAction\":[{\"@type\":\"ReadAction\",\"target\":[\"https:\\\/\\\/metalgas.com.do\\\/ahorrate-el-vieja-envio-gratis\\\/\"]}]},{\"@type\":\"ImageObject\",\"inLanguage\":\"en-US\",\"@id\":\"https:\\\/\\\/metalgas.com.do\\\/ahorrate-el-vieja-envio-gratis\\\/#primaryimage\",\"url\":\"https:\\\/\\\/metalgas.com.do\\\/wp-content\\\/uploads\\\/2023\\\/12\\\/Untitled-1-1024x213.png\",\"contentUrl\":\"https:\\\/\\\/metalgas.com.do\\\/wp-content\\\/uploads\\\/2023\\\/12\\\/Untitled-1-1024x213.png\"},{\"@type\":\"BreadcrumbList\",\"@id\":\"https:\\\/\\\/metalgas.com.do\\\/ahorrate-el-vieja-envio-gratis\\\/#breadcrumb\",\"itemListElement\":[{\"@type\":\"ListItem\",\"position\":1,\"name\":\"Portada\",\"item\":\"https:\\\/\\\/metalgas.com.do\\\/\"},{\"@type\":\"ListItem\",\"position\":2,\"name\":\"Ah\u00f3rrate el vieje- env\u00edo gratis\"}]},{\"@type\":\"WebSite\",\"@id\":\"https:\\\/\\\/metalgas.com.do\\\/#website\",\"url\":\"https:\\\/\\\/metalgas.com.do\\\/\",\"name\":\"METALGAS SRL\",\"description\":\"Con gran gama de productos tanto de fabricaci\u00f3n local como de representaciones de marcas internacionales.\",\"publisher\":{\"@id\":\"https:\\\/\\\/metalgas.com.do\\\/#organization\"},\"potentialAction\":[{\"@type\":\"SearchAction\",\"target\":{\"@type\":\"EntryPoint\",\"urlTemplate\":\"https:\\\/\\\/metalgas.com.do\\\/?s={search_term_string}\"},\"query-input\":{\"@type\":\"PropertyValueSpecification\",\"valueRequired\":true,\"valueName\":\"search_term_string\"}}],\"inLanguage\":\"en-US\"},{\"@type\":\"Organization\",\"@id\":\"https:\\\/\\\/metalgas.com.do\\\/#organization\",\"name\":\"METALGAS SRL\",\"url\":\"https:\\\/\\\/metalgas.com.do\\\/\",\"logo\":{\"@type\":\"ImageObject\",\"inLanguage\":\"en-US\",\"@id\":\"https:\\\/\\\/metalgas.com.do\\\/#\\\/schema\\\/logo\\\/image\\\/\",\"url\":\"https:\\\/\\\/metalgas.com.do\\\/wp-content\\\/uploads\\\/2023\\\/02\\\/Logos-Metalgas.svg\",\"contentUrl\":\"https:\\\/\\\/metalgas.com.do\\\/wp-content\\\/uploads\\\/2023\\\/02\\\/Logos-Metalgas.svg\",\"width\":1112,\"height\":179,\"caption\":\"METALGAS SRL\"},\"image\":{\"@id\":\"https:\\\/\\\/metalgas.com.do\\\/#\\\/schema\\\/logo\\\/image\\\/\"},\"sameAs\":[\"https:\\\/\\\/www.facebook.com\\\/metalgasdr\",\"https:\\\/\\\/www.instagram.com\\\/metalgasrd\\\/?hl=es\"]}]}<\/script>\n<!-- \/ Yoast SEO plugin. -->","yoast_head_json":{"title":"Ah\u00f3rrate el vieje- env\u00edo gratis - METALGAS SRL","description":"Env\u00edo gratis. Ahorra con nuestras ofertas y en el env\u00edo. Env\u00edo gratis en toda la Rep\u00fablica Dominicana durante todo el mes de enero de 2024","robots":{"index":"index","follow":"follow","max-snippet":"max-snippet:-1","max-image-preview":"max-image-preview:large","max-video-preview":"max-video-preview:-1"},"canonical":"https:\/\/metalgas.com.do\/en\/ahorrate-el-vieja-envio-gratis\/","og_locale":"en_US","og_type":"article","og_title":"Ah\u00f3rrate el vieje- env\u00edo gratis - METALGAS SRL","og_description":"Env\u00edo gratis. Ahorra con nuestras ofertas y en el env\u00edo. Env\u00edo gratis en toda la Rep\u00fablica Dominicana durante todo el mes de enero de 2024","og_url":"https:\/\/metalgas.com.do\/en\/ahorrate-el-vieja-envio-gratis\/","og_site_name":"METALGAS SRL","article_publisher":"https:\/\/www.facebook.com\/metalgasdr","article_modified_time":"2024-01-16T14:11:47+00:00","og_image":[{"url":"https:\/\/metalgas.com.do\/wp-content\/uploads\/2023\/12\/Untitled-1-1024x213.png","type":"","width":"","height":""}],"twitter_card":"summary_large_image","twitter_misc":{"Est. reading time":"1 minute"},"schema":{"@context":"https:\/\/schema.org","@graph":[{"@type":"WebPage","@id":"https:\/\/metalgas.com.do\/ahorrate-el-vieja-envio-gratis\/","url":"https:\/\/metalgas.com.do\/ahorrate-el-vieja-envio-gratis\/","name":"Ah\u00f3rrate el vieje- env\u00edo gratis - METALGAS SRL","isPartOf":{"@id":"https:\/\/metalgas.com.do\/#website"},"primaryImageOfPage":{"@id":"https:\/\/metalgas.com.do\/ahorrate-el-vieja-envio-gratis\/#primaryimage"},"image":{"@id":"https:\/\/metalgas.com.do\/ahorrate-el-vieja-envio-gratis\/#primaryimage"},"thumbnailUrl":"https:\/\/metalgas.com.do\/wp-content\/uploads\/2023\/12\/Untitled-1-1024x213.png","datePublished":"2023-12-30T17:28:56+00:00","dateModified":"2024-01-16T14:11:47+00:00","description":"Env\u00edo gratis. Ahorra con nuestras ofertas y en el env\u00edo. Env\u00edo gratis en toda la Rep\u00fablica Dominicana durante todo el mes de enero de 2024","breadcrumb":{"@id":"https:\/\/metalgas.com.do\/ahorrate-el-vieja-envio-gratis\/#breadcrumb"},"inLanguage":"en-US","potentialAction":[{"@type":"ReadAction","target":["https:\/\/metalgas.com.do\/ahorrate-el-vieja-envio-gratis\/"]}]},{"@type":"ImageObject","inLanguage":"en-US","@id":"https:\/\/metalgas.com.do\/ahorrate-el-vieja-envio-gratis\/#primaryimage","url":"https:\/\/metalgas.com.do\/wp-content\/uploads\/2023\/12\/Untitled-1-1024x213.png","contentUrl":"https:\/\/metalgas.com.do\/wp-content\/uploads\/2023\/12\/Untitled-1-1024x213.png"},{"@type":"BreadcrumbList","@id":"https:\/\/metalgas.com.do\/ahorrate-el-vieja-envio-gratis\/#breadcrumb","itemListElement":[{"@type":"ListItem","position":1,"name":"Portada","item":"https:\/\/metalgas.com.do\/"},{"@type":"ListItem","position":2,"name":"Ah\u00f3rrate el vieje- env\u00edo gratis"}]},{"@type":"WebSite","@id":"https:\/\/metalgas.com.do\/#website","url":"https:\/\/metalgas.com.do\/","name":"METALGAS SRL","description":"With a wide range of products both locally manufactured and international brand representatives.","publisher":{"@id":"https:\/\/metalgas.com.do\/#organization"},"potentialAction":[{"@type":"SearchAction","target":{"@type":"EntryPoint","urlTemplate":"https:\/\/metalgas.com.do\/?s={search_term_string}"},"query-input":{"@type":"PropertyValueSpecification","valueRequired":true,"valueName":"search_term_string"}}],"inLanguage":"en-US"},{"@type":"Organization","@id":"https:\/\/metalgas.com.do\/#organization","name":"METALGAS SRL","url":"https:\/\/metalgas.com.do\/","logo":{"@type":"ImageObject","inLanguage":"en-US","@id":"https:\/\/metalgas.com.do\/#\/schema\/logo\/image\/","url":"https:\/\/metalgas.com.do\/wp-content\/uploads\/2023\/02\/Logos-Metalgas.svg","contentUrl":"https:\/\/metalgas.com.do\/wp-content\/uploads\/2023\/02\/Logos-Metalgas.svg","width":1112,"height":179,"caption":"METALGAS SRL"},"image":{"@id":"https:\/\/metalgas.com.do\/#\/schema\/logo\/image\/"},"sameAs":["https:\/\/www.facebook.com\/metalgasdr","https:\/\/www.instagram.com\/metalgasrd\/?hl=es"]}]}},"_links":{"self":[{"href":"https:\/\/metalgas.com.do\/en\/wp-json\/wp\/v2\/pages\/12290","targetHints":{"allow":["GET"]}}],"collection":[{"href":"https:\/\/metalgas.com.do\/en\/wp-json\/wp\/v2\/pages"}],"about":[{"href":"https:\/\/metalgas.com.do\/en\/wp-json\/wp\/v2\/types\/page"}],"author":[{"embeddable":true,"href":"https:\/\/metalgas.com.do\/en\/wp-json\/wp\/v2\/users\/4"}],"replies":[{"embeddable":true,"href":"https:\/\/metalgas.com.do\/en\/wp-json\/wp\/v2\/comments?post=12290"}],"version-history":[{"count":8,"href":"https:\/\/metalgas.com.do\/en\/wp-json\/wp\/v2\/pages\/12290\/revisions"}],"predecessor-version":[{"id":12425,"href":"https:\/\/metalgas.com.do\/en\/wp-json\/wp\/v2\/pages\/12290\/revisions\/12425"}],"wp:attachment":[{"href":"https:\/\/metalgas.com.do\/en\/wp-json\/wp\/v2\/media?parent=12290"}],"curies":[{"name":"wp","href":"https:\/\/api.w.org\/{rel}","templated":true}]}}