{"id":25935,"date":"2026-03-11T16:30:29","date_gmt":"2026-03-11T20:30:29","guid":{"rendered":"https:\/\/metalgas.com.do\/?post_type=product&#038;p=25935"},"modified":"2026-04-20T09:44:39","modified_gmt":"2026-04-20T13:44:39","slug":"carro-de-golf-electrico-eagle-cart-ld-c22-mod-gc-eagle-ldc22-4kw-4","status":"publish","type":"product","link":"https:\/\/metalgas.com.do\/en\/product\/carro-de-golf-electrico-eagle-cart-ld-c22-mod-gc-eagle-ldc22-4kw-4\/","title":{"rendered":"Carro de Golf El\u00e9ctrico EAGLE CART LD-C22 Mod. GC-EAGLE-LDC22-4KW-4"},"content":{"rendered":"<p data-start=\"204\" data-end=\"249\"><strong data-start=\"204\" data-end=\"249\">Carro de Golf El\u00e9ctrico EAGLE CART LD-C22<\/strong><\/p>\n<p data-start=\"251\" data-end=\"422\">He <strong data-start=\"254\" data-end=\"275\">EAGLE CART LD-C22<\/strong> es un carro de golf el\u00e9ctrico dise\u00f1ado para ofrecer movilidad c\u00f3moda y silenciosa en residenciales, villas, proyectos tur\u00edsticos y campos de golf.<\/p>\n<p data-start=\"424\" data-end=\"615\">Su sistema el\u00e9ctrico de <strong data-start=\"448\" data-end=\"458\">4kW AC<\/strong> proporciona una conducci\u00f3n suave y eficiente, mientras que su bater\u00eda <strong data-start=\"529\" data-end=\"542\">48V 100Ah<\/strong> permite recorrer distancias internas con autonom\u00eda y bajo mantenimiento.<\/p>\n<p data-start=\"2283\" data-end=\"2298\"><strong data-start=\"2283\" data-end=\"2298\">Ideal for:<\/strong><\/p>\n<ul data-start=\"2300\" data-end=\"2441\">\n<li data-section-id=\"gxqkqo\" data-start=\"2300\" data-end=\"2337\">\n<p data-start=\"2302\" data-end=\"2337\">Villas y residenciales tur\u00edsticos<\/p>\n<\/li>\n<li data-section-id=\"14zapwf\" data-start=\"2338\" data-end=\"2365\">\n<p data-start=\"2340\" data-end=\"2365\">Proyectos inmobiliarios<\/p>\n<\/li>\n<li data-section-id=\"hk6v43\" data-start=\"2366\" data-end=\"2387\">\n<p data-start=\"2368\" data-end=\"2387\">Hoteles y resorts<\/p>\n<\/li>\n<li data-section-id=\"7k9f3c\" data-start=\"2388\" data-end=\"2406\">\n<p data-start=\"2390\" data-end=\"2406\">Campos de golf<\/p>\n<\/li>\n<li data-section-id=\"3xf0jf\" data-start=\"2407\" data-end=\"2441\">\n<p data-start=\"2409\" data-end=\"2441\">Marinas y complejos tur\u00edsticos<\/p>\n<\/li>\n<\/ul>\n<p data-start=\"1006\" data-end=\"1177\">Este carrito el\u00e9ctrico combina tecnolog\u00eda de movilidad moderna con un dise\u00f1o pensado para el uso diario, permitiendo recorrer distancias internas de forma c\u00f3moda y segura.<\/p>\n<p data-start=\"1179\" data-end=\"1302\">Disponible en <strong data-start=\"1193\" data-end=\"1205\">Metalgas<\/strong>, con asesor\u00eda para elegir el modelo adecuado seg\u00fan las necesidades de cada proyecto o propiedad.<\/p>","protected":false},"excerpt":{"rendered":"<ul>\n<li data-section-id=\"10wp0rb\" data-start=\"651\" data-end=\"699\">\n<p data-start=\"653\" data-end=\"699\">Configuraci\u00f3n <strong data-start=\"667\" data-end=\"683\">2+2 asientos<\/strong> (4 pasajeros)<\/p>\n<\/li>\n<li data-section-id=\"4hqvk9\" data-start=\"700\" data-end=\"730\">\n<p data-start=\"702\" data-end=\"730\">Motor el\u00e9ctrico <strong data-start=\"718\" data-end=\"728\">4kW AC<\/strong><\/p>\n<\/li>\n<li data-section-id=\"1ca7ucm\" data-start=\"731\" data-end=\"756\">\n<p data-start=\"733\" data-end=\"756\">Bater\u00eda <strong data-start=\"741\" data-end=\"754\">48V 100Ah<\/strong><\/p>\n<\/li>\n<li data-section-id=\"ojxsxu\" data-start=\"757\" data-end=\"807\">\n<p data-start=\"759\" data-end=\"807\">Funcionamiento <strong data-start=\"774\" data-end=\"805\">100% el\u00e9ctrico y silencioso<\/strong><\/p>\n<\/li>\n<li data-section-id=\"1b1swra\" data-start=\"808\" data-end=\"872\">\n<p data-start=\"810\" data-end=\"872\">Ideal for <strong data-start=\"821\" data-end=\"872\">villas, residenciales, resorts y campos de golf<\/strong><\/p>\n<\/li>\n<\/ul>","protected":false},"featured_media":25937,"comment_status":"open","ping_status":"closed","template":"","meta":{"_joinchat":[]},"product_brand":[],"product_cat":[404],"product_tag":[],"class_list":{"0":"post-25935","1":"product","2":"type-product","3":"status-publish","4":"has-post-thumbnail","6":"product_cat-nuevos-productos","8":"first","9":"outofstock","10":"taxable","11":"shipping-taxable","12":"purchasable","13":"product-type-simple"},"yoast_head":"<!-- This site is optimized with the Yoast SEO plugin v27.6 - https:\/\/yoast.com\/product\/yoast-seo-wordpress\/ -->\n<title>Carro de Golf El\u00e9ctrico EAGLE CART LD-C22 - METALGAS SRL<\/title>\n<meta name=\"description\" content=\"Carro de golf el\u00e9ctrico dise\u00f1ado para ofrecer una movilidad c\u00f3moda, silenciosa dentro de villas, campos de golf, proyectos tur\u00edsticos y hoteles.\" \/>\n<meta name=\"robots\" content=\"index, follow, max-snippet:-1, max-image-preview:large, max-video-preview:-1\" \/>\n<link rel=\"canonical\" href=\"https:\/\/metalgas.com.do\/en\/product\/carro-de-golf-electrico-eagle-cart-ld-c22-mod-gc-eagle-ldc22-4kw-4\/\" \/>\n<meta property=\"og:locale\" content=\"en_US\" \/>\n<meta property=\"og:type\" content=\"article\" \/>\n<meta property=\"og:title\" content=\"Carro de Golf El\u00e9ctrico EAGLE CART LD-C22 - METALGAS SRL\" \/>\n<meta property=\"og:description\" content=\"Carro de golf el\u00e9ctrico dise\u00f1ado para ofrecer una movilidad c\u00f3moda, silenciosa dentro de villas, campos de golf, proyectos tur\u00edsticos y hoteles.\" \/>\n<meta property=\"og:url\" content=\"https:\/\/metalgas.com.do\/en\/product\/carro-de-golf-electrico-eagle-cart-ld-c22-mod-gc-eagle-ldc22-4kw-4\/\" \/>\n<meta property=\"og:site_name\" content=\"METALGAS SRL\" \/>\n<meta property=\"article:publisher\" content=\"https:\/\/www.facebook.com\/metalgasdr\" \/>\n<meta property=\"article:modified_time\" content=\"2026-04-20T13:44:39+00:00\" \/>\n<meta property=\"og:image\" content=\"https:\/\/metalgas.com.do\/wp-content\/uploads\/2026\/03\/Carrito-de-golf.jpg\" \/>\n\t<meta property=\"og:image:width\" content=\"1080\" \/>\n\t<meta property=\"og:image:height\" content=\"1350\" \/>\n\t<meta property=\"og:image:type\" content=\"image\/jpeg\" \/>\n<meta name=\"twitter:card\" content=\"summary_large_image\" \/>\n<meta name=\"twitter:label1\" content=\"Est. reading time\" \/>\n\t<meta name=\"twitter:data1\" content=\"1 minute\" \/>\n<script type=\"application\/ld+json\" class=\"yoast-schema-graph\">{\"@context\":\"https:\\\/\\\/schema.org\",\"@graph\":[{\"@type\":\"WebPage\",\"@id\":\"https:\\\/\\\/metalgas.com.do\\\/product\\\/carro-de-golf-electrico-eagle-cart-ld-c22-mod-gc-eagle-ldc22-4kw-4\\\/\",\"url\":\"https:\\\/\\\/metalgas.com.do\\\/product\\\/carro-de-golf-electrico-eagle-cart-ld-c22-mod-gc-eagle-ldc22-4kw-4\\\/\",\"name\":\"Carro de Golf El\u00e9ctrico EAGLE CART LD-C22 - METALGAS SRL\",\"isPartOf\":{\"@id\":\"https:\\\/\\\/metalgas.com.do\\\/#website\"},\"primaryImageOfPage\":{\"@id\":\"https:\\\/\\\/metalgas.com.do\\\/product\\\/carro-de-golf-electrico-eagle-cart-ld-c22-mod-gc-eagle-ldc22-4kw-4\\\/#primaryimage\"},\"image\":{\"@id\":\"https:\\\/\\\/metalgas.com.do\\\/product\\\/carro-de-golf-electrico-eagle-cart-ld-c22-mod-gc-eagle-ldc22-4kw-4\\\/#primaryimage\"},\"thumbnailUrl\":\"https:\\\/\\\/metalgas.com.do\\\/wp-content\\\/uploads\\\/2026\\\/03\\\/Carrito-de-golf.jpg\",\"datePublished\":\"2026-03-11T20:30:29+00:00\",\"dateModified\":\"2026-04-20T13:44:39+00:00\",\"description\":\"Carro de golf el\u00e9ctrico dise\u00f1ado para ofrecer una movilidad c\u00f3moda, silenciosa dentro de villas, campos de golf, proyectos tur\u00edsticos y hoteles.\",\"breadcrumb\":{\"@id\":\"https:\\\/\\\/metalgas.com.do\\\/product\\\/carro-de-golf-electrico-eagle-cart-ld-c22-mod-gc-eagle-ldc22-4kw-4\\\/#breadcrumb\"},\"inLanguage\":\"en-US\",\"potentialAction\":[{\"@type\":\"ReadAction\",\"target\":[\"https:\\\/\\\/metalgas.com.do\\\/product\\\/carro-de-golf-electrico-eagle-cart-ld-c22-mod-gc-eagle-ldc22-4kw-4\\\/\"]}]},{\"@type\":\"ImageObject\",\"inLanguage\":\"en-US\",\"@id\":\"https:\\\/\\\/metalgas.com.do\\\/product\\\/carro-de-golf-electrico-eagle-cart-ld-c22-mod-gc-eagle-ldc22-4kw-4\\\/#primaryimage\",\"url\":\"https:\\\/\\\/metalgas.com.do\\\/wp-content\\\/uploads\\\/2026\\\/03\\\/Carrito-de-golf.jpg\",\"contentUrl\":\"https:\\\/\\\/metalgas.com.do\\\/wp-content\\\/uploads\\\/2026\\\/03\\\/Carrito-de-golf.jpg\",\"width\":1080,\"height\":1350,\"caption\":\"Carro de golf\"},{\"@type\":\"BreadcrumbList\",\"@id\":\"https:\\\/\\\/metalgas.com.do\\\/product\\\/carro-de-golf-electrico-eagle-cart-ld-c22-mod-gc-eagle-ldc22-4kw-4\\\/#breadcrumb\",\"itemListElement\":[{\"@type\":\"ListItem\",\"position\":1,\"name\":\"Portada\",\"item\":\"https:\\\/\\\/metalgas.com.do\\\/\"},{\"@type\":\"ListItem\",\"position\":2,\"name\":\"Productos de Tienda\",\"item\":\"https:\\\/\\\/metalgas.com.do\\\/tienda\\\/\"},{\"@type\":\"ListItem\",\"position\":3,\"name\":\"Carro de Golf El\u00e9ctrico EAGLE CART LD-C22 Mod. GC-EAGLE-LDC22-4KW-4\"}]},{\"@type\":\"WebSite\",\"@id\":\"https:\\\/\\\/metalgas.com.do\\\/#website\",\"url\":\"https:\\\/\\\/metalgas.com.do\\\/\",\"name\":\"METALGAS SRL\",\"description\":\"Con gran gama de productos tanto de fabricaci\u00f3n local como de representaciones de marcas internacionales.\",\"publisher\":{\"@id\":\"https:\\\/\\\/metalgas.com.do\\\/#organization\"},\"potentialAction\":[{\"@type\":\"SearchAction\",\"target\":{\"@type\":\"EntryPoint\",\"urlTemplate\":\"https:\\\/\\\/metalgas.com.do\\\/?s={search_term_string}\"},\"query-input\":{\"@type\":\"PropertyValueSpecification\",\"valueRequired\":true,\"valueName\":\"search_term_string\"}}],\"inLanguage\":\"en-US\"},{\"@type\":\"Organization\",\"@id\":\"https:\\\/\\\/metalgas.com.do\\\/#organization\",\"name\":\"METALGAS SRL\",\"url\":\"https:\\\/\\\/metalgas.com.do\\\/\",\"logo\":{\"@type\":\"ImageObject\",\"inLanguage\":\"en-US\",\"@id\":\"https:\\\/\\\/metalgas.com.do\\\/#\\\/schema\\\/logo\\\/image\\\/\",\"url\":\"https:\\\/\\\/metalgas.com.do\\\/wp-content\\\/uploads\\\/2023\\\/02\\\/Logos-Metalgas.svg\",\"contentUrl\":\"https:\\\/\\\/metalgas.com.do\\\/wp-content\\\/uploads\\\/2023\\\/02\\\/Logos-Metalgas.svg\",\"width\":1112,\"height\":179,\"caption\":\"METALGAS SRL\"},\"image\":{\"@id\":\"https:\\\/\\\/metalgas.com.do\\\/#\\\/schema\\\/logo\\\/image\\\/\"},\"sameAs\":[\"https:\\\/\\\/www.facebook.com\\\/metalgasdr\",\"https:\\\/\\\/www.instagram.com\\\/metalgasrd\\\/?hl=es\"]}]}<\/script>\n<!-- \/ Yoast SEO plugin. -->","yoast_head_json":{"title":"Carro de Golf El\u00e9ctrico EAGLE CART LD-C22 - METALGAS SRL","description":"Carro de golf el\u00e9ctrico dise\u00f1ado para ofrecer una movilidad c\u00f3moda, silenciosa dentro de villas, campos de golf, proyectos tur\u00edsticos y hoteles.","robots":{"index":"index","follow":"follow","max-snippet":"max-snippet:-1","max-image-preview":"max-image-preview:large","max-video-preview":"max-video-preview:-1"},"canonical":"https:\/\/metalgas.com.do\/en\/product\/carro-de-golf-electrico-eagle-cart-ld-c22-mod-gc-eagle-ldc22-4kw-4\/","og_locale":"en_US","og_type":"article","og_title":"Carro de Golf El\u00e9ctrico EAGLE CART LD-C22 - METALGAS SRL","og_description":"Carro de golf el\u00e9ctrico dise\u00f1ado para ofrecer una movilidad c\u00f3moda, silenciosa dentro de villas, campos de golf, proyectos tur\u00edsticos y hoteles.","og_url":"https:\/\/metalgas.com.do\/en\/product\/carro-de-golf-electrico-eagle-cart-ld-c22-mod-gc-eagle-ldc22-4kw-4\/","og_site_name":"METALGAS SRL","article_publisher":"https:\/\/www.facebook.com\/metalgasdr","article_modified_time":"2026-04-20T13:44:39+00:00","og_image":[{"width":1080,"height":1350,"url":"https:\/\/metalgas.com.do\/wp-content\/uploads\/2026\/03\/Carrito-de-golf.jpg","type":"image\/jpeg"}],"twitter_card":"summary_large_image","twitter_misc":{"Est. reading time":"1 minute"},"schema":{"@context":"https:\/\/schema.org","@graph":[{"@type":"WebPage","@id":"https:\/\/metalgas.com.do\/product\/carro-de-golf-electrico-eagle-cart-ld-c22-mod-gc-eagle-ldc22-4kw-4\/","url":"https:\/\/metalgas.com.do\/product\/carro-de-golf-electrico-eagle-cart-ld-c22-mod-gc-eagle-ldc22-4kw-4\/","name":"Carro de Golf El\u00e9ctrico EAGLE CART LD-C22 - METALGAS SRL","isPartOf":{"@id":"https:\/\/metalgas.com.do\/#website"},"primaryImageOfPage":{"@id":"https:\/\/metalgas.com.do\/product\/carro-de-golf-electrico-eagle-cart-ld-c22-mod-gc-eagle-ldc22-4kw-4\/#primaryimage"},"image":{"@id":"https:\/\/metalgas.com.do\/product\/carro-de-golf-electrico-eagle-cart-ld-c22-mod-gc-eagle-ldc22-4kw-4\/#primaryimage"},"thumbnailUrl":"https:\/\/metalgas.com.do\/wp-content\/uploads\/2026\/03\/Carrito-de-golf.jpg","datePublished":"2026-03-11T20:30:29+00:00","dateModified":"2026-04-20T13:44:39+00:00","description":"Carro de golf el\u00e9ctrico dise\u00f1ado para ofrecer una movilidad c\u00f3moda, silenciosa dentro de villas, campos de golf, proyectos tur\u00edsticos y hoteles.","breadcrumb":{"@id":"https:\/\/metalgas.com.do\/product\/carro-de-golf-electrico-eagle-cart-ld-c22-mod-gc-eagle-ldc22-4kw-4\/#breadcrumb"},"inLanguage":"en-US","potentialAction":[{"@type":"ReadAction","target":["https:\/\/metalgas.com.do\/product\/carro-de-golf-electrico-eagle-cart-ld-c22-mod-gc-eagle-ldc22-4kw-4\/"]}]},{"@type":"ImageObject","inLanguage":"en-US","@id":"https:\/\/metalgas.com.do\/product\/carro-de-golf-electrico-eagle-cart-ld-c22-mod-gc-eagle-ldc22-4kw-4\/#primaryimage","url":"https:\/\/metalgas.com.do\/wp-content\/uploads\/2026\/03\/Carrito-de-golf.jpg","contentUrl":"https:\/\/metalgas.com.do\/wp-content\/uploads\/2026\/03\/Carrito-de-golf.jpg","width":1080,"height":1350,"caption":"Carro de golf"},{"@type":"BreadcrumbList","@id":"https:\/\/metalgas.com.do\/product\/carro-de-golf-electrico-eagle-cart-ld-c22-mod-gc-eagle-ldc22-4kw-4\/#breadcrumb","itemListElement":[{"@type":"ListItem","position":1,"name":"Portada","item":"https:\/\/metalgas.com.do\/"},{"@type":"ListItem","position":2,"name":"Productos de Tienda","item":"https:\/\/metalgas.com.do\/tienda\/"},{"@type":"ListItem","position":3,"name":"Carro de Golf El\u00e9ctrico EAGLE CART LD-C22 Mod. GC-EAGLE-LDC22-4KW-4"}]},{"@type":"WebSite","@id":"https:\/\/metalgas.com.do\/#website","url":"https:\/\/metalgas.com.do\/","name":"METALGAS SRL","description":"With a wide range of products both locally manufactured and international brand representatives.","publisher":{"@id":"https:\/\/metalgas.com.do\/#organization"},"potentialAction":[{"@type":"SearchAction","target":{"@type":"EntryPoint","urlTemplate":"https:\/\/metalgas.com.do\/?s={search_term_string}"},"query-input":{"@type":"PropertyValueSpecification","valueRequired":true,"valueName":"search_term_string"}}],"inLanguage":"en-US"},{"@type":"Organization","@id":"https:\/\/metalgas.com.do\/#organization","name":"METALGAS SRL","url":"https:\/\/metalgas.com.do\/","logo":{"@type":"ImageObject","inLanguage":"en-US","@id":"https:\/\/metalgas.com.do\/#\/schema\/logo\/image\/","url":"https:\/\/metalgas.com.do\/wp-content\/uploads\/2023\/02\/Logos-Metalgas.svg","contentUrl":"https:\/\/metalgas.com.do\/wp-content\/uploads\/2023\/02\/Logos-Metalgas.svg","width":1112,"height":179,"caption":"METALGAS SRL"},"image":{"@id":"https:\/\/metalgas.com.do\/#\/schema\/logo\/image\/"},"sameAs":["https:\/\/www.facebook.com\/metalgasdr","https:\/\/www.instagram.com\/metalgasrd\/?hl=es"]}]}},"_links":{"self":[{"href":"https:\/\/metalgas.com.do\/en\/wp-json\/wp\/v2\/product\/25935","targetHints":{"allow":["GET"]}}],"collection":[{"href":"https:\/\/metalgas.com.do\/en\/wp-json\/wp\/v2\/product"}],"about":[{"href":"https:\/\/metalgas.com.do\/en\/wp-json\/wp\/v2\/types\/product"}],"replies":[{"embeddable":true,"href":"https:\/\/metalgas.com.do\/en\/wp-json\/wp\/v2\/comments?post=25935"}],"version-history":[{"count":5,"href":"https:\/\/metalgas.com.do\/en\/wp-json\/wp\/v2\/product\/25935\/revisions"}],"predecessor-version":[{"id":26237,"href":"https:\/\/metalgas.com.do\/en\/wp-json\/wp\/v2\/product\/25935\/revisions\/26237"}],"wp:featuredmedia":[{"embeddable":true,"href":"https:\/\/metalgas.com.do\/en\/wp-json\/wp\/v2\/media\/25937"}],"wp:attachment":[{"href":"https:\/\/metalgas.com.do\/en\/wp-json\/wp\/v2\/media?parent=25935"}],"wp:term":[{"taxonomy":"product_brand","embeddable":true,"href":"https:\/\/metalgas.com.do\/en\/wp-json\/wp\/v2\/product_brand?post=25935"},{"taxonomy":"product_cat","embeddable":true,"href":"https:\/\/metalgas.com.do\/en\/wp-json\/wp\/v2\/product_cat?post=25935"},{"taxonomy":"product_tag","embeddable":true,"href":"https:\/\/metalgas.com.do\/en\/wp-json\/wp\/v2\/product_tag?post=25935"}],"curies":[{"name":"wp","href":"https:\/\/api.w.org\/{rel}","templated":true}]}}