{"id":26144,"date":"2026-04-10T11:20:36","date_gmt":"2026-04-10T15:20:36","guid":{"rendered":"https:\/\/metalgas.com.do\/?post_type=product&#038;p=26144"},"modified":"2026-05-15T18:07:12","modified_gmt":"2026-05-15T22:07:12","slug":"salamandra-de-gas-36-plg-modernchef-goldstone-mod-mgmhl36","status":"publish","type":"product","link":"https:\/\/metalgas.com.do\/en\/product\/salamandra-de-gas-36-plg-modernchef-goldstone-mod-mgmhl36\/","title":{"rendered":"Salamandra de gas 36 PLG &#8211; Modernchef  -Goldstone Mod. MGMHL36"},"content":{"rendered":"<p>The <strong data-start=\"249\" data-end=\"305\">salamandra de gas Modernchef Goldston de 36 pulgadas<\/strong> es una excelente opci\u00f3n para negocios que necesitan <strong data-start=\"358\" data-end=\"397\">gratinar, dorar y dar acabado final<\/strong> a sus preparaciones de forma r\u00e1pida y uniforme. Su potencia de <strong data-start=\"461\" data-end=\"475\">32,756 BTUs<\/strong> la convierte en un equipo ideal para cocinas comerciales que buscan agilidad, rendimiento y resultados consistentes durante la operaci\u00f3n diaria.<\/p>\n<h2 data-section-id=\"1cqcdxk\" data-start=\"819\" data-end=\"862\">\u00bfPara qu\u00e9 tipo de negocio se recomienda?<\/h2>\n<p data-start=\"863\" data-end=\"903\">Este equipo es ideal para negocios como:<\/p>\n<ul data-start=\"905\" data-end=\"1029\">\n<li data-section-id=\"1yfd7mb\" data-start=\"905\" data-end=\"919\">restaurantes<\/li>\n<li data-section-id=\"hqppmd\" data-start=\"920\" data-end=\"932\">cafeter\u00edas<\/li>\n<li data-section-id=\"zl7du\" data-start=\"933\" data-end=\"946\">food trucks<\/li>\n<li data-section-id=\"qj1xb8\" data-start=\"947\" data-end=\"956\">hoteles<\/li>\n<li data-section-id=\"1h23ssj\" data-start=\"957\" data-end=\"979\">cocinas industriales<\/li>\n<li data-section-id=\"l56ldq\" data-start=\"980\" data-end=\"1007\">negocios de comida r\u00e1pida<\/li>\n<li data-section-id=\"12zwukt\" data-start=\"1008\" data-end=\"1029\">bares y gastrobares<\/li>\n<\/ul>\n<h2 data-section-id=\"8txzax\" data-start=\"1031\" data-end=\"1057\">Beneficios del producto<\/h2>\n<ul data-start=\"1058\" data-end=\"1420\">\n<li data-section-id=\"11hbdsy\" data-start=\"1058\" data-end=\"1138\">Ideal for <strong data-start=\"1071\" data-end=\"1108\">gratinar, dorar y terminar platos<\/strong> con presentaci\u00f3n profesional.<\/li>\n<li data-section-id=\"13do52o\" data-start=\"1139\" data-end=\"1203\">Aporta <strong data-start=\"1148\" data-end=\"1167\">calor eficiente<\/strong> para un trabajo m\u00e1s \u00e1gil en cocina.<\/li>\n<li data-section-id=\"1a0g8ig\" data-start=\"1204\" data-end=\"1269\">Su formato de <strong data-start=\"1220\" data-end=\"1235\">36 pulgadas<\/strong> brinda un \u00e1rea de trabajo c\u00f3moda.<\/li>\n<li data-section-id=\"okqp1l\" data-start=\"1270\" data-end=\"1349\">Excelente para operaciones que requieren <strong data-start=\"1313\" data-end=\"1348\">rapidez y rendimiento constante<\/strong>.<\/li>\n<li data-section-id=\"2ii9uj\" data-start=\"1350\" data-end=\"1420\">Funciona con gas, una alternativa pr\u00e1ctica para cocinas comerciales.<\/li>\n<\/ul>","protected":false},"excerpt":{"rendered":"<p><strong data-start=\"1933\" data-end=\"1999\">Potencia, practicidad y acabado profesional en un solo equipo.<\/strong><br data-start=\"1999\" data-end=\"2002\" \/>La salamandra de gas Modernchef Goldston de 36 pulgadas est\u00e1 dise\u00f1ada para ayudarte a gratinar, dorar y finalizar tus preparaciones de manera r\u00e1pida y uniforme.<\/p>\n<h2 data-section-id=\"1952g02\" data-start=\"1422\" data-end=\"1452\">Caracter\u00edsticas principales<\/h2>\n<ul data-start=\"1453\" data-end=\"1581\">\n<li data-section-id=\"9wlhxb\" data-start=\"1453\" data-end=\"1487\"><strong data-start=\"1455\" data-end=\"1465\">Marca:<\/strong> Modernchef Goldston<\/li>\n<li data-section-id=\"1ylc4ig\" data-start=\"1488\" data-end=\"1529\"><strong data-start=\"1490\" data-end=\"1509\">Tipo de equipo:<\/strong> Salamandra de gas<\/li>\n<li data-section-id=\"b5nsp7\" data-start=\"1530\" data-end=\"1552\"><strong data-start=\"1532\" data-end=\"1543\">Tama\u00f1o:<\/strong> 36 PLG<\/li>\n<li data-section-id=\"1b6jt8j\" data-start=\"1553\" data-end=\"1581\"><strong data-start=\"1555\" data-end=\"1568\">Power:<\/strong> 32,756 BTUs<\/li>\n<\/ul>","protected":false},"featured_media":26145,"comment_status":"open","ping_status":"closed","template":"","meta":{"_joinchat":[]},"product_brand":[],"product_cat":[452,227,225,391],"product_tag":[],"class_list":{"0":"post-26144","1":"product","2":"type-product","3":"status-publish","4":"has-post-thumbnail","6":"product_cat-3-goldstone","7":"product_cat-categorias-de-productos","8":"product_cat-modern-chef","9":"product_cat-salamandras","11":"first","12":"onbackorder","13":"taxable","14":"shipping-taxable","15":"purchasable","16":"product-type-simple"},"yoast_head":"<!-- This site is optimized with the Yoast SEO plugin v27.6 - https:\/\/yoast.com\/product\/yoast-seo-wordpress\/ -->\n<title>Salamandra de gas 36 PLG - Modernchef -Goldstone Mod. MGMHL36 - METALGAS SRL<\/title>\n<meta name=\"robots\" content=\"index, follow, max-snippet:-1, max-image-preview:large, max-video-preview:-1\" \/>\n<link rel=\"canonical\" href=\"https:\/\/metalgas.com.do\/en\/product\/salamandra-de-gas-36-plg-modernchef-goldstone-mod-mgmhl36\/\" \/>\n<meta property=\"og:locale\" content=\"en_US\" \/>\n<meta property=\"og:type\" content=\"article\" \/>\n<meta property=\"og:title\" content=\"Salamandra de gas 36 PLG - Modernchef -Goldstone Mod. MGMHL36 - METALGAS SRL\" \/>\n<meta property=\"og:description\" content=\"Potencia, practicidad y acabado profesional en un solo equipo.La salamandra de gas Modernchef Goldston de 36 pulgadas est\u00e1 dise\u00f1ada para ayudarte a gratinar, dorar y finalizar tus preparaciones de manera r\u00e1pida y uniforme. Caracter\u00edsticas principales   Marca: Modernchef Goldston  Tipo de equipo: Salamandra de gas  Tama\u00f1o: 36 PLG  Potencia: 32,756 BTU\" \/>\n<meta property=\"og:url\" content=\"https:\/\/metalgas.com.do\/en\/product\/salamandra-de-gas-36-plg-modernchef-goldstone-mod-mgmhl36\/\" \/>\n<meta property=\"og:site_name\" content=\"METALGAS SRL\" \/>\n<meta property=\"article:publisher\" content=\"https:\/\/www.facebook.com\/metalgasdr\" \/>\n<meta property=\"article:modified_time\" content=\"2026-05-15T22:07:12+00:00\" \/>\n<meta property=\"og:image\" content=\"https:\/\/metalgas.com.do\/wp-content\/uploads\/2026\/04\/MGMHL36-Salamandra-de-gas-Modernchef-Goldston-36-PLG-32756-BTU.jpg\" \/>\n\t<meta property=\"og:image:width\" content=\"400\" \/>\n\t<meta property=\"og:image:height\" content=\"320\" \/>\n\t<meta property=\"og:image:type\" content=\"image\/jpeg\" \/>\n<meta name=\"twitter:card\" content=\"summary_large_image\" \/>\n<meta name=\"twitter:label1\" content=\"Est. reading time\" \/>\n\t<meta name=\"twitter:data1\" content=\"1 minute\" \/>\n<script type=\"application\/ld+json\" class=\"yoast-schema-graph\">{\"@context\":\"https:\\\/\\\/schema.org\",\"@graph\":[{\"@type\":\"WebPage\",\"@id\":\"https:\\\/\\\/metalgas.com.do\\\/product\\\/salamandra-de-gas-36-plg-modernchef-goldstone-mod-mgmhl36\\\/\",\"url\":\"https:\\\/\\\/metalgas.com.do\\\/product\\\/salamandra-de-gas-36-plg-modernchef-goldstone-mod-mgmhl36\\\/\",\"name\":\"Salamandra de gas 36 PLG - Modernchef -Goldstone Mod. MGMHL36 - METALGAS SRL\",\"isPartOf\":{\"@id\":\"https:\\\/\\\/metalgas.com.do\\\/#website\"},\"primaryImageOfPage\":{\"@id\":\"https:\\\/\\\/metalgas.com.do\\\/product\\\/salamandra-de-gas-36-plg-modernchef-goldstone-mod-mgmhl36\\\/#primaryimage\"},\"image\":{\"@id\":\"https:\\\/\\\/metalgas.com.do\\\/product\\\/salamandra-de-gas-36-plg-modernchef-goldstone-mod-mgmhl36\\\/#primaryimage\"},\"thumbnailUrl\":\"https:\\\/\\\/metalgas.com.do\\\/wp-content\\\/uploads\\\/2026\\\/04\\\/MGMHL36-Salamandra-de-gas-Modernchef-Goldston-36-PLG-32756-BTU.jpg\",\"datePublished\":\"2026-04-10T15:20:36+00:00\",\"dateModified\":\"2026-05-15T22:07:12+00:00\",\"breadcrumb\":{\"@id\":\"https:\\\/\\\/metalgas.com.do\\\/product\\\/salamandra-de-gas-36-plg-modernchef-goldstone-mod-mgmhl36\\\/#breadcrumb\"},\"inLanguage\":\"en-US\",\"potentialAction\":[{\"@type\":\"ReadAction\",\"target\":[\"https:\\\/\\\/metalgas.com.do\\\/product\\\/salamandra-de-gas-36-plg-modernchef-goldstone-mod-mgmhl36\\\/\"]}]},{\"@type\":\"ImageObject\",\"inLanguage\":\"en-US\",\"@id\":\"https:\\\/\\\/metalgas.com.do\\\/product\\\/salamandra-de-gas-36-plg-modernchef-goldstone-mod-mgmhl36\\\/#primaryimage\",\"url\":\"https:\\\/\\\/metalgas.com.do\\\/wp-content\\\/uploads\\\/2026\\\/04\\\/MGMHL36-Salamandra-de-gas-Modernchef-Goldston-36-PLG-32756-BTU.jpg\",\"contentUrl\":\"https:\\\/\\\/metalgas.com.do\\\/wp-content\\\/uploads\\\/2026\\\/04\\\/MGMHL36-Salamandra-de-gas-Modernchef-Goldston-36-PLG-32756-BTU.jpg\",\"width\":400,\"height\":320},{\"@type\":\"BreadcrumbList\",\"@id\":\"https:\\\/\\\/metalgas.com.do\\\/product\\\/salamandra-de-gas-36-plg-modernchef-goldstone-mod-mgmhl36\\\/#breadcrumb\",\"itemListElement\":[{\"@type\":\"ListItem\",\"position\":1,\"name\":\"Portada\",\"item\":\"https:\\\/\\\/metalgas.com.do\\\/\"},{\"@type\":\"ListItem\",\"position\":2,\"name\":\"Productos de Tienda\",\"item\":\"https:\\\/\\\/metalgas.com.do\\\/tienda\\\/\"},{\"@type\":\"ListItem\",\"position\":3,\"name\":\"Salamandra de gas 36 PLG &#8211; Modernchef -Goldstone Mod. MGMHL36\"}]},{\"@type\":\"WebSite\",\"@id\":\"https:\\\/\\\/metalgas.com.do\\\/#website\",\"url\":\"https:\\\/\\\/metalgas.com.do\\\/\",\"name\":\"METALGAS SRL\",\"description\":\"Con gran gama de productos tanto de fabricaci\u00f3n local como de representaciones de marcas internacionales.\",\"publisher\":{\"@id\":\"https:\\\/\\\/metalgas.com.do\\\/#organization\"},\"potentialAction\":[{\"@type\":\"SearchAction\",\"target\":{\"@type\":\"EntryPoint\",\"urlTemplate\":\"https:\\\/\\\/metalgas.com.do\\\/?s={search_term_string}\"},\"query-input\":{\"@type\":\"PropertyValueSpecification\",\"valueRequired\":true,\"valueName\":\"search_term_string\"}}],\"inLanguage\":\"en-US\"},{\"@type\":\"Organization\",\"@id\":\"https:\\\/\\\/metalgas.com.do\\\/#organization\",\"name\":\"METALGAS SRL\",\"url\":\"https:\\\/\\\/metalgas.com.do\\\/\",\"logo\":{\"@type\":\"ImageObject\",\"inLanguage\":\"en-US\",\"@id\":\"https:\\\/\\\/metalgas.com.do\\\/#\\\/schema\\\/logo\\\/image\\\/\",\"url\":\"https:\\\/\\\/metalgas.com.do\\\/wp-content\\\/uploads\\\/2023\\\/02\\\/Logos-Metalgas.svg\",\"contentUrl\":\"https:\\\/\\\/metalgas.com.do\\\/wp-content\\\/uploads\\\/2023\\\/02\\\/Logos-Metalgas.svg\",\"width\":1112,\"height\":179,\"caption\":\"METALGAS SRL\"},\"image\":{\"@id\":\"https:\\\/\\\/metalgas.com.do\\\/#\\\/schema\\\/logo\\\/image\\\/\"},\"sameAs\":[\"https:\\\/\\\/www.facebook.com\\\/metalgasdr\",\"https:\\\/\\\/www.instagram.com\\\/metalgasrd\\\/?hl=es\"]}]}<\/script>\n<!-- \/ Yoast SEO plugin. -->","yoast_head_json":{"title":"Salamandra de gas 36 PLG - Modernchef -Goldstone Mod. MGMHL36 - METALGAS SRL","robots":{"index":"index","follow":"follow","max-snippet":"max-snippet:-1","max-image-preview":"max-image-preview:large","max-video-preview":"max-video-preview:-1"},"canonical":"https:\/\/metalgas.com.do\/en\/product\/salamandra-de-gas-36-plg-modernchef-goldstone-mod-mgmhl36\/","og_locale":"en_US","og_type":"article","og_title":"Salamandra de gas 36 PLG - Modernchef -Goldstone Mod. MGMHL36 - METALGAS SRL","og_description":"Potencia, practicidad y acabado profesional en un solo equipo.La salamandra de gas Modernchef Goldston de 36 pulgadas est\u00e1 dise\u00f1ada para ayudarte a gratinar, dorar y finalizar tus preparaciones de manera r\u00e1pida y uniforme. Caracter\u00edsticas principales   Marca: Modernchef Goldston  Tipo de equipo: Salamandra de gas  Tama\u00f1o: 36 PLG  Potencia: 32,756 BTU","og_url":"https:\/\/metalgas.com.do\/en\/product\/salamandra-de-gas-36-plg-modernchef-goldstone-mod-mgmhl36\/","og_site_name":"METALGAS SRL","article_publisher":"https:\/\/www.facebook.com\/metalgasdr","article_modified_time":"2026-05-15T22:07:12+00:00","og_image":[{"width":400,"height":320,"url":"https:\/\/metalgas.com.do\/wp-content\/uploads\/2026\/04\/MGMHL36-Salamandra-de-gas-Modernchef-Goldston-36-PLG-32756-BTU.jpg","type":"image\/jpeg"}],"twitter_card":"summary_large_image","twitter_misc":{"Est. reading time":"1 minute"},"schema":{"@context":"https:\/\/schema.org","@graph":[{"@type":"WebPage","@id":"https:\/\/metalgas.com.do\/product\/salamandra-de-gas-36-plg-modernchef-goldstone-mod-mgmhl36\/","url":"https:\/\/metalgas.com.do\/product\/salamandra-de-gas-36-plg-modernchef-goldstone-mod-mgmhl36\/","name":"Salamandra de gas 36 PLG - Modernchef -Goldstone Mod. MGMHL36 - METALGAS SRL","isPartOf":{"@id":"https:\/\/metalgas.com.do\/#website"},"primaryImageOfPage":{"@id":"https:\/\/metalgas.com.do\/product\/salamandra-de-gas-36-plg-modernchef-goldstone-mod-mgmhl36\/#primaryimage"},"image":{"@id":"https:\/\/metalgas.com.do\/product\/salamandra-de-gas-36-plg-modernchef-goldstone-mod-mgmhl36\/#primaryimage"},"thumbnailUrl":"https:\/\/metalgas.com.do\/wp-content\/uploads\/2026\/04\/MGMHL36-Salamandra-de-gas-Modernchef-Goldston-36-PLG-32756-BTU.jpg","datePublished":"2026-04-10T15:20:36+00:00","dateModified":"2026-05-15T22:07:12+00:00","breadcrumb":{"@id":"https:\/\/metalgas.com.do\/product\/salamandra-de-gas-36-plg-modernchef-goldstone-mod-mgmhl36\/#breadcrumb"},"inLanguage":"en-US","potentialAction":[{"@type":"ReadAction","target":["https:\/\/metalgas.com.do\/product\/salamandra-de-gas-36-plg-modernchef-goldstone-mod-mgmhl36\/"]}]},{"@type":"ImageObject","inLanguage":"en-US","@id":"https:\/\/metalgas.com.do\/product\/salamandra-de-gas-36-plg-modernchef-goldstone-mod-mgmhl36\/#primaryimage","url":"https:\/\/metalgas.com.do\/wp-content\/uploads\/2026\/04\/MGMHL36-Salamandra-de-gas-Modernchef-Goldston-36-PLG-32756-BTU.jpg","contentUrl":"https:\/\/metalgas.com.do\/wp-content\/uploads\/2026\/04\/MGMHL36-Salamandra-de-gas-Modernchef-Goldston-36-PLG-32756-BTU.jpg","width":400,"height":320},{"@type":"BreadcrumbList","@id":"https:\/\/metalgas.com.do\/product\/salamandra-de-gas-36-plg-modernchef-goldstone-mod-mgmhl36\/#breadcrumb","itemListElement":[{"@type":"ListItem","position":1,"name":"Portada","item":"https:\/\/metalgas.com.do\/"},{"@type":"ListItem","position":2,"name":"Productos de Tienda","item":"https:\/\/metalgas.com.do\/tienda\/"},{"@type":"ListItem","position":3,"name":"Salamandra de gas 36 PLG &#8211; Modernchef -Goldstone Mod. MGMHL36"}]},{"@type":"WebSite","@id":"https:\/\/metalgas.com.do\/#website","url":"https:\/\/metalgas.com.do\/","name":"METALGAS SRL","description":"With a wide range of products both locally manufactured and international brand representatives.","publisher":{"@id":"https:\/\/metalgas.com.do\/#organization"},"potentialAction":[{"@type":"SearchAction","target":{"@type":"EntryPoint","urlTemplate":"https:\/\/metalgas.com.do\/?s={search_term_string}"},"query-input":{"@type":"PropertyValueSpecification","valueRequired":true,"valueName":"search_term_string"}}],"inLanguage":"en-US"},{"@type":"Organization","@id":"https:\/\/metalgas.com.do\/#organization","name":"METALGAS SRL","url":"https:\/\/metalgas.com.do\/","logo":{"@type":"ImageObject","inLanguage":"en-US","@id":"https:\/\/metalgas.com.do\/#\/schema\/logo\/image\/","url":"https:\/\/metalgas.com.do\/wp-content\/uploads\/2023\/02\/Logos-Metalgas.svg","contentUrl":"https:\/\/metalgas.com.do\/wp-content\/uploads\/2023\/02\/Logos-Metalgas.svg","width":1112,"height":179,"caption":"METALGAS SRL"},"image":{"@id":"https:\/\/metalgas.com.do\/#\/schema\/logo\/image\/"},"sameAs":["https:\/\/www.facebook.com\/metalgasdr","https:\/\/www.instagram.com\/metalgasrd\/?hl=es"]}]}},"_links":{"self":[{"href":"https:\/\/metalgas.com.do\/en\/wp-json\/wp\/v2\/product\/26144","targetHints":{"allow":["GET"]}}],"collection":[{"href":"https:\/\/metalgas.com.do\/en\/wp-json\/wp\/v2\/product"}],"about":[{"href":"https:\/\/metalgas.com.do\/en\/wp-json\/wp\/v2\/types\/product"}],"replies":[{"embeddable":true,"href":"https:\/\/metalgas.com.do\/en\/wp-json\/wp\/v2\/comments?post=26144"}],"version-history":[{"count":3,"href":"https:\/\/metalgas.com.do\/en\/wp-json\/wp\/v2\/product\/26144\/revisions"}],"predecessor-version":[{"id":26148,"href":"https:\/\/metalgas.com.do\/en\/wp-json\/wp\/v2\/product\/26144\/revisions\/26148"}],"wp:featuredmedia":[{"embeddable":true,"href":"https:\/\/metalgas.com.do\/en\/wp-json\/wp\/v2\/media\/26145"}],"wp:attachment":[{"href":"https:\/\/metalgas.com.do\/en\/wp-json\/wp\/v2\/media?parent=26144"}],"wp:term":[{"taxonomy":"product_brand","embeddable":true,"href":"https:\/\/metalgas.com.do\/en\/wp-json\/wp\/v2\/product_brand?post=26144"},{"taxonomy":"product_cat","embeddable":true,"href":"https:\/\/metalgas.com.do\/en\/wp-json\/wp\/v2\/product_cat?post=26144"},{"taxonomy":"product_tag","embeddable":true,"href":"https:\/\/metalgas.com.do\/en\/wp-json\/wp\/v2\/product_tag?post=26144"}],"curies":[{"name":"wp","href":"https:\/\/api.w.org\/{rel}","templated":true}]}}