{"id":7935,"date":"2023-04-19T21:52:41","date_gmt":"2023-04-19T21:52:41","guid":{"rendered":"https:\/\/metalgas.pay2commerce.com\/?post_type=product&#038;p=7935"},"modified":"2026-05-01T18:04:42","modified_gmt":"2026-05-01T22:04:42","slug":"calentador-hatco-mod-hgsm-4060","status":"publish","type":"product","link":"https:\/\/metalgas.com.do\/en\/product\/calentador-hatco-mod-hgsm-4060\/","title":{"rendered":"HATCO heater mod. HGSM-4060"},"content":{"rendered":"<div data-elementor-type=\"product-post\" data-elementor-id=\"7935\" class=\"elementor elementor-7935\" data-elementor-post-type=\"product\">\n\t\t\t\t<div class=\"elementor-element elementor-element-27ac6cdb e-flex e-con-boxed e-con e-parent\" data-id=\"27ac6cdb\" data-element_type=\"container\" data-e-type=\"container\">\n\t\t\t\t\t<div class=\"e-con-inner\">\n\t\t\t\t<div class=\"elementor-element elementor-element-568d0e6b elementor-widget elementor-widget-text-editor\" data-id=\"568d0e6b\" data-element_type=\"widget\" data-e-type=\"widget\" data-widget_type=\"text-editor.default\">\n\t\t\t\t<div class=\"elementor-widget-container\">\n\t\t\t\t\t\t\t\t\t<h4><span style=\"color: #000000;\">Hatco Heater Features and Benefits<\/span><\/h4>\r\n<p style=\"text-align: justify;\"><span style=\"color: #000000;\">Portable Heated Glass Modular Platform (HGSM-1P) <\/span><\/p>\r\n<p style=\"text-align: justify;\"><span style=\"color: #000000;\">Hatco&#039;s Portable Heated Glass Modular Shelving features black ceramic cooktop to create even heat across the entire surface area of the top, and the modular design allows for great flexibility and for units to be placed side by side. <\/span><\/p>\r\n\r\n<ul>\r\n \t<li style=\"text-align: justify;\"><span style=\"color: #000000;\">Includes thermostatic controls with temperature ranges of 130\u00b0F, 150\u00b0F, 165\u00b0F, 185\u00b0F, and 200\u00b0F (55\u00b0C, 65\u00b0C, 75\u00b0C, 85\u00b0C, and 95\u00b0C). <\/span><\/li>\r\n \t<li style=\"text-align: justify;\"><span style=\"color: #000000;\">Constructed with long lasting stainless steel casing. <\/span><\/li>\r\n \t<li style=\"text-align: justify;\"><span style=\"color: #000000;\">The simple design allows for easy cleaning and maintenance.<\/span><\/li>\r\n<\/ul>\t\t\t\t\t\t\t\t<\/div>\n\t\t\t\t<\/div>\n\t\t\t\t\t<\/div>\n\t\t\t\t<\/div>\n\t\t<div class=\"elementor-element elementor-element-0b8f517 e-flex e-con-boxed e-con e-parent\" data-id=\"0b8f517\" data-element_type=\"container\" data-e-type=\"container\">\n\t\t\t\t\t<div class=\"e-con-inner\">\n\t\t\t\t<div class=\"elementor-element elementor-element-75dff26 elementor-widget elementor-widget-video\" data-id=\"75dff26\" data-element_type=\"widget\" data-e-type=\"widget\" data-settings=\"{&quot;youtube_url&quot;:&quot;https:\\\/\\\/youtu.be\\\/Atp887jWMbU&quot;,&quot;video_type&quot;:&quot;youtube&quot;,&quot;controls&quot;:&quot;yes&quot;}\" data-widget_type=\"video.default\">\n\t\t\t\t<div class=\"elementor-widget-container\">\n\t\t\t\t\t\t\t<div class=\"elementor-wrapper elementor-open-inline\">\n\t\t\t<div class=\"elementor-video\"><\/div>\t\t<\/div>\n\t\t\t\t\t\t<\/div>\n\t\t\t\t<\/div>\n\t\t\t\t\t<\/div>\n\t\t\t\t<\/div>\n\t\t\t\t<\/div>","protected":false},"excerpt":{"rendered":"<p><a href=\"https:\/\/metalgas.com.do\/wp-content\/uploads\/2014\/11\/HATCO-HGSM.pdf\" class=\"shortcode button    medium light-blue rounded\" target=\"_blank\">brochure download<\/a><\/p>","protected":false},"featured_media":5413,"comment_status":"open","ping_status":"closed","template":"","meta":{"_joinchat":[]},"product_brand":[],"product_cat":[305,304,282],"product_tag":[],"class_list":{"0":"post-7935","1":"product","2":"type-product","3":"status-publish","4":"has-post-thumbnail","6":"product_cat-calentadores-hatco","7":"product_cat-hatco","8":"product_cat-liquidacion","10":"first","11":"instock","12":"sale","13":"taxable","14":"shipping-taxable","15":"purchasable","16":"product-type-simple"},"yoast_head":"<!-- This site is optimized with the Yoast SEO plugin v27.5 - https:\/\/yoast.com\/product\/yoast-seo-wordpress\/ -->\n<title>Calentador HATCO mod. HGSM-4060 - METALGAS SRL<\/title>\n<meta name=\"description\" content=\"Construido con carcasa de acero inoxidable de larga duraci\u00f3n. El dise\u00f1o simple permite una f\u00e1cil limpieza y mantenimiento.\" \/>\n<meta name=\"robots\" content=\"index, follow, max-snippet:-1, max-image-preview:large, max-video-preview:-1\" \/>\n<link rel=\"canonical\" href=\"https:\/\/metalgas.com.do\/en\/product\/calentador-hatco-mod-hgsm-4060\/\" \/>\n<meta property=\"og:locale\" content=\"en_US\" \/>\n<meta property=\"og:type\" content=\"article\" \/>\n<meta property=\"og:title\" content=\"Calentador HATCO mod. HGSM-4060 - METALGAS SRL\" \/>\n<meta property=\"og:description\" content=\"Construido con carcasa de acero inoxidable de larga duraci\u00f3n. El dise\u00f1o simple permite una f\u00e1cil limpieza y mantenimiento.\" \/>\n<meta property=\"og:url\" content=\"https:\/\/metalgas.com.do\/en\/product\/calentador-hatco-mod-hgsm-4060\/\" \/>\n<meta property=\"og:site_name\" content=\"METALGAS SRL\" \/>\n<meta property=\"article:publisher\" content=\"https:\/\/www.facebook.com\/metalgasdr\" \/>\n<meta property=\"article:modified_time\" content=\"2026-05-01T22:04:42+00:00\" \/>\n<meta property=\"og:image\" content=\"https:\/\/metalgas.com.do\/wp-content\/uploads\/2023\/02\/Calentador-HATCO-mod.-HGSM.jpg\" \/>\n\t<meta property=\"og:image:width\" content=\"500\" \/>\n\t<meta property=\"og:image:height\" content=\"500\" \/>\n\t<meta property=\"og:image:type\" content=\"image\/jpeg\" \/>\n<meta name=\"twitter:card\" content=\"summary_large_image\" \/>\n<meta name=\"twitter:label1\" content=\"Est. reading time\" \/>\n\t<meta name=\"twitter:data1\" content=\"1 minute\" \/>\n<script type=\"application\/ld+json\" class=\"yoast-schema-graph\">{\"@context\":\"https:\\\/\\\/schema.org\",\"@graph\":[{\"@type\":\"WebPage\",\"@id\":\"https:\\\/\\\/metalgas.com.do\\\/product\\\/calentador-hatco-mod-hgsm-4060\\\/\",\"url\":\"https:\\\/\\\/metalgas.com.do\\\/product\\\/calentador-hatco-mod-hgsm-4060\\\/\",\"name\":\"Calentador HATCO mod. HGSM-4060 - METALGAS SRL\",\"isPartOf\":{\"@id\":\"https:\\\/\\\/metalgas.com.do\\\/#website\"},\"primaryImageOfPage\":{\"@id\":\"https:\\\/\\\/metalgas.com.do\\\/product\\\/calentador-hatco-mod-hgsm-4060\\\/#primaryimage\"},\"image\":{\"@id\":\"https:\\\/\\\/metalgas.com.do\\\/product\\\/calentador-hatco-mod-hgsm-4060\\\/#primaryimage\"},\"thumbnailUrl\":\"https:\\\/\\\/metalgas.com.do\\\/wp-content\\\/uploads\\\/2023\\\/02\\\/Calentador-HATCO-mod.-HGSM.jpg\",\"datePublished\":\"2023-04-19T21:52:41+00:00\",\"dateModified\":\"2026-05-01T22:04:42+00:00\",\"description\":\"Construido con carcasa de acero inoxidable de larga duraci\u00f3n. El dise\u00f1o simple permite una f\u00e1cil limpieza y mantenimiento.\",\"breadcrumb\":{\"@id\":\"https:\\\/\\\/metalgas.com.do\\\/product\\\/calentador-hatco-mod-hgsm-4060\\\/#breadcrumb\"},\"inLanguage\":\"en-US\",\"potentialAction\":[{\"@type\":\"ReadAction\",\"target\":[\"https:\\\/\\\/metalgas.com.do\\\/product\\\/calentador-hatco-mod-hgsm-4060\\\/\"]}]},{\"@type\":\"ImageObject\",\"inLanguage\":\"en-US\",\"@id\":\"https:\\\/\\\/metalgas.com.do\\\/product\\\/calentador-hatco-mod-hgsm-4060\\\/#primaryimage\",\"url\":\"https:\\\/\\\/metalgas.com.do\\\/wp-content\\\/uploads\\\/2023\\\/02\\\/Calentador-HATCO-mod.-HGSM.jpg\",\"contentUrl\":\"https:\\\/\\\/metalgas.com.do\\\/wp-content\\\/uploads\\\/2023\\\/02\\\/Calentador-HATCO-mod.-HGSM.jpg\",\"width\":500,\"height\":500},{\"@type\":\"BreadcrumbList\",\"@id\":\"https:\\\/\\\/metalgas.com.do\\\/product\\\/calentador-hatco-mod-hgsm-4060\\\/#breadcrumb\",\"itemListElement\":[{\"@type\":\"ListItem\",\"position\":1,\"name\":\"Portada\",\"item\":\"https:\\\/\\\/metalgas.com.do\\\/\"},{\"@type\":\"ListItem\",\"position\":2,\"name\":\"Productos de Tienda\",\"item\":\"https:\\\/\\\/metalgas.com.do\\\/tienda\\\/\"},{\"@type\":\"ListItem\",\"position\":3,\"name\":\"Calentador HATCO mod. HGSM-4060\"}]},{\"@type\":\"WebSite\",\"@id\":\"https:\\\/\\\/metalgas.com.do\\\/#website\",\"url\":\"https:\\\/\\\/metalgas.com.do\\\/\",\"name\":\"METALGAS SRL\",\"description\":\"Con gran gama de productos tanto de fabricaci\u00f3n local como de representaciones de marcas internacionales.\",\"publisher\":{\"@id\":\"https:\\\/\\\/metalgas.com.do\\\/#organization\"},\"potentialAction\":[{\"@type\":\"SearchAction\",\"target\":{\"@type\":\"EntryPoint\",\"urlTemplate\":\"https:\\\/\\\/metalgas.com.do\\\/?s={search_term_string}\"},\"query-input\":{\"@type\":\"PropertyValueSpecification\",\"valueRequired\":true,\"valueName\":\"search_term_string\"}}],\"inLanguage\":\"en-US\"},{\"@type\":\"Organization\",\"@id\":\"https:\\\/\\\/metalgas.com.do\\\/#organization\",\"name\":\"METALGAS SRL\",\"url\":\"https:\\\/\\\/metalgas.com.do\\\/\",\"logo\":{\"@type\":\"ImageObject\",\"inLanguage\":\"en-US\",\"@id\":\"https:\\\/\\\/metalgas.com.do\\\/#\\\/schema\\\/logo\\\/image\\\/\",\"url\":\"https:\\\/\\\/metalgas.com.do\\\/wp-content\\\/uploads\\\/2023\\\/02\\\/Logos-Metalgas.svg\",\"contentUrl\":\"https:\\\/\\\/metalgas.com.do\\\/wp-content\\\/uploads\\\/2023\\\/02\\\/Logos-Metalgas.svg\",\"width\":1112,\"height\":179,\"caption\":\"METALGAS SRL\"},\"image\":{\"@id\":\"https:\\\/\\\/metalgas.com.do\\\/#\\\/schema\\\/logo\\\/image\\\/\"},\"sameAs\":[\"https:\\\/\\\/www.facebook.com\\\/metalgasdr\",\"https:\\\/\\\/www.instagram.com\\\/metalgasrd\\\/?hl=es\"]}]}<\/script>\n<!-- \/ Yoast SEO plugin. -->","yoast_head_json":{"title":"Calentador HATCO mod. HGSM-4060 - METALGAS SRL","description":"Construido con carcasa de acero inoxidable de larga duraci\u00f3n. El dise\u00f1o simple permite una f\u00e1cil limpieza y mantenimiento.","robots":{"index":"index","follow":"follow","max-snippet":"max-snippet:-1","max-image-preview":"max-image-preview:large","max-video-preview":"max-video-preview:-1"},"canonical":"https:\/\/metalgas.com.do\/en\/product\/calentador-hatco-mod-hgsm-4060\/","og_locale":"en_US","og_type":"article","og_title":"Calentador HATCO mod. HGSM-4060 - METALGAS SRL","og_description":"Construido con carcasa de acero inoxidable de larga duraci\u00f3n. El dise\u00f1o simple permite una f\u00e1cil limpieza y mantenimiento.","og_url":"https:\/\/metalgas.com.do\/en\/product\/calentador-hatco-mod-hgsm-4060\/","og_site_name":"METALGAS SRL","article_publisher":"https:\/\/www.facebook.com\/metalgasdr","article_modified_time":"2026-05-01T22:04:42+00:00","og_image":[{"width":500,"height":500,"url":"https:\/\/metalgas.com.do\/wp-content\/uploads\/2023\/02\/Calentador-HATCO-mod.-HGSM.jpg","type":"image\/jpeg"}],"twitter_card":"summary_large_image","twitter_misc":{"Est. reading time":"1 minute"},"schema":{"@context":"https:\/\/schema.org","@graph":[{"@type":"WebPage","@id":"https:\/\/metalgas.com.do\/product\/calentador-hatco-mod-hgsm-4060\/","url":"https:\/\/metalgas.com.do\/product\/calentador-hatco-mod-hgsm-4060\/","name":"Calentador HATCO mod. HGSM-4060 - METALGAS SRL","isPartOf":{"@id":"https:\/\/metalgas.com.do\/#website"},"primaryImageOfPage":{"@id":"https:\/\/metalgas.com.do\/product\/calentador-hatco-mod-hgsm-4060\/#primaryimage"},"image":{"@id":"https:\/\/metalgas.com.do\/product\/calentador-hatco-mod-hgsm-4060\/#primaryimage"},"thumbnailUrl":"https:\/\/metalgas.com.do\/wp-content\/uploads\/2023\/02\/Calentador-HATCO-mod.-HGSM.jpg","datePublished":"2023-04-19T21:52:41+00:00","dateModified":"2026-05-01T22:04:42+00:00","description":"Construido con carcasa de acero inoxidable de larga duraci\u00f3n. El dise\u00f1o simple permite una f\u00e1cil limpieza y mantenimiento.","breadcrumb":{"@id":"https:\/\/metalgas.com.do\/product\/calentador-hatco-mod-hgsm-4060\/#breadcrumb"},"inLanguage":"en-US","potentialAction":[{"@type":"ReadAction","target":["https:\/\/metalgas.com.do\/product\/calentador-hatco-mod-hgsm-4060\/"]}]},{"@type":"ImageObject","inLanguage":"en-US","@id":"https:\/\/metalgas.com.do\/product\/calentador-hatco-mod-hgsm-4060\/#primaryimage","url":"https:\/\/metalgas.com.do\/wp-content\/uploads\/2023\/02\/Calentador-HATCO-mod.-HGSM.jpg","contentUrl":"https:\/\/metalgas.com.do\/wp-content\/uploads\/2023\/02\/Calentador-HATCO-mod.-HGSM.jpg","width":500,"height":500},{"@type":"BreadcrumbList","@id":"https:\/\/metalgas.com.do\/product\/calentador-hatco-mod-hgsm-4060\/#breadcrumb","itemListElement":[{"@type":"ListItem","position":1,"name":"Portada","item":"https:\/\/metalgas.com.do\/"},{"@type":"ListItem","position":2,"name":"Productos de Tienda","item":"https:\/\/metalgas.com.do\/tienda\/"},{"@type":"ListItem","position":3,"name":"Calentador HATCO mod. HGSM-4060"}]},{"@type":"WebSite","@id":"https:\/\/metalgas.com.do\/#website","url":"https:\/\/metalgas.com.do\/","name":"METALGAS SRL","description":"With a wide range of products both locally manufactured and international brand representatives.","publisher":{"@id":"https:\/\/metalgas.com.do\/#organization"},"potentialAction":[{"@type":"SearchAction","target":{"@type":"EntryPoint","urlTemplate":"https:\/\/metalgas.com.do\/?s={search_term_string}"},"query-input":{"@type":"PropertyValueSpecification","valueRequired":true,"valueName":"search_term_string"}}],"inLanguage":"en-US"},{"@type":"Organization","@id":"https:\/\/metalgas.com.do\/#organization","name":"METALGAS SRL","url":"https:\/\/metalgas.com.do\/","logo":{"@type":"ImageObject","inLanguage":"en-US","@id":"https:\/\/metalgas.com.do\/#\/schema\/logo\/image\/","url":"https:\/\/metalgas.com.do\/wp-content\/uploads\/2023\/02\/Logos-Metalgas.svg","contentUrl":"https:\/\/metalgas.com.do\/wp-content\/uploads\/2023\/02\/Logos-Metalgas.svg","width":1112,"height":179,"caption":"METALGAS SRL"},"image":{"@id":"https:\/\/metalgas.com.do\/#\/schema\/logo\/image\/"},"sameAs":["https:\/\/www.facebook.com\/metalgasdr","https:\/\/www.instagram.com\/metalgasrd\/?hl=es"]}]}},"_links":{"self":[{"href":"https:\/\/metalgas.com.do\/en\/wp-json\/wp\/v2\/product\/7935","targetHints":{"allow":["GET"]}}],"collection":[{"href":"https:\/\/metalgas.com.do\/en\/wp-json\/wp\/v2\/product"}],"about":[{"href":"https:\/\/metalgas.com.do\/en\/wp-json\/wp\/v2\/types\/product"}],"replies":[{"embeddable":true,"href":"https:\/\/metalgas.com.do\/en\/wp-json\/wp\/v2\/comments?post=7935"}],"version-history":[{"count":9,"href":"https:\/\/metalgas.com.do\/en\/wp-json\/wp\/v2\/product\/7935\/revisions"}],"predecessor-version":[{"id":23105,"href":"https:\/\/metalgas.com.do\/en\/wp-json\/wp\/v2\/product\/7935\/revisions\/23105"}],"wp:featuredmedia":[{"embeddable":true,"href":"https:\/\/metalgas.com.do\/en\/wp-json\/wp\/v2\/media\/5413"}],"wp:attachment":[{"href":"https:\/\/metalgas.com.do\/en\/wp-json\/wp\/v2\/media?parent=7935"}],"wp:term":[{"taxonomy":"product_brand","embeddable":true,"href":"https:\/\/metalgas.com.do\/en\/wp-json\/wp\/v2\/product_brand?post=7935"},{"taxonomy":"product_cat","embeddable":true,"href":"https:\/\/metalgas.com.do\/en\/wp-json\/wp\/v2\/product_cat?post=7935"},{"taxonomy":"product_tag","embeddable":true,"href":"https:\/\/metalgas.com.do\/en\/wp-json\/wp\/v2\/product_tag?post=7935"}],"curies":[{"name":"wp","href":"https:\/\/api.w.org\/{rel}","templated":true}]}}