{"id":7938,"date":"2023-04-19T21:52:42","date_gmt":"2023-04-19T21:52:42","guid":{"rendered":"https:\/\/metalgas.pay2commerce.com\/?post_type=product&#038;p=7938"},"modified":"2026-04-16T18:01:13","modified_gmt":"2026-04-16T22:01:13","slug":"estufon-modern-chef-1-quemador-mod-268-eang1p40","status":"publish","type":"product","link":"https:\/\/metalgas.com.do\/en\/product\/estufon-modern-chef-1-quemador-mod-268-eang1p40\/","title":{"rendered":"Power Flame P-40 1-Burner Stove \u2013 26x26x24\u00a8 \u2013 Modernchef Mod. MCHES01P40"},"content":{"rendered":"<p><strong>With ModernChef Power Flame stoves, every commercial kitchen can expect to not only meet but exceed their culinary demands, cooking with technology that leads the market in power, precision and reliability. This series is not just a purchase, it is an investment in long-lasting quality and efficiency.<\/strong><\/p>\n<p><strong>Innovation and versatility in each model:<\/strong> ModernChef&#039;s complete series of Power Flame stoves offers a versatile range of options with 1, 2, 3 and 4 burners in the P40 and P50 variants, ensuring that every commercial kitchen finds its perfect solution. From small kitchens that need to maximize space to large culinary operations, each range is designed to meet various needs with the same efficiency and power.<\/p>\n<p><strong>Superior performance and energy efficiency:<\/strong> Each Power Flame stove is equipped with high-capacity commercial burners that provide even, powerful heat distribution, ensuring precise and consistent cooking. This efficiency not only improves food quality, but also reduces energy consumption, maximizing the profitability of your business.<\/p>\n<p><strong>Safety and ease of maintenance:<\/strong> Safety is paramount in any kitchen environment, and the Power Flame series ensures this. Each model includes a ModernChef grease collection tray, designed for easy cleaning and reducing the risk of fire.<\/p>\n<p><strong>Stability and robust construction:<\/strong> The sturdy angled base of each Power Flame stovetop provides exceptional stability, allowing for safe handling even under the most demanding commercial kitchen conditions. This design is ideal for high-volume kitchens where efficiency and speed are crucial.<\/p>\n<p><strong>Complete solution for every kitchen:<\/strong> With options ranging from the single-burner stove, perfect for specific tasks, to the four-burner, ideal for multiple simultaneous preparations, the Power Flame series adapts to any size and style of kitchen. This modular approach allows chefs to configure their kitchen with the flexibility and performance that the modern culinary world demands.<\/p>\n<p>&nbsp;<\/p>\n<table width=\"711\">\n<thead>\n<tr>\n<td width=\"120\"><strong>Model<\/strong><\/td>\n<td><strong>burners<\/strong><\/td>\n<td width=\"123\"><strong>Width (Inches\/mm)<\/strong><\/td>\n<td><strong>Height (Inches\/mm)<\/strong><\/td>\n<td><strong>Depth (Inches\/mm)<\/strong><\/td>\n<td width=\"117\"><strong>Total BTUs<\/strong><\/td>\n<\/tr>\n<\/thead>\n<tbody>\n<tr>\n<td colspan=\"6\" width=\"707\"><strong>Power Flame P-40 Stoves by ModernChef<\/strong><\/td>\n<\/tr>\n<tr>\n<td width=\"120\"><strong>MCHES01P40<\/strong><\/td>\n<td>1<\/td>\n<td width=\"123\">26 \/ 650<\/td>\n<td>26 \/ 650<\/td>\n<td>24 \/ 600<\/td>\n<td width=\"117\">160,000<\/td>\n<\/tr>\n<tr>\n<td width=\"120\"><strong>MCHES02P40<\/strong><\/td>\n<td>2<\/td>\n<td width=\"123\">40 \/ 1000<\/td>\n<td>26 \/ 650<\/td>\n<td>24 \/ 600<\/td>\n<td width=\"117\">320,000<\/td>\n<\/tr>\n<tr>\n<td width=\"120\"><strong>MCHES03P40<\/strong><\/td>\n<td>3<\/td>\n<td width=\"123\">58 \/ 1450<\/td>\n<td>26 \/ 650<\/td>\n<td>24 \/ 600<\/td>\n<td width=\"117\">480,000<\/td>\n<\/tr>\n<tr>\n<td width=\"120\"><strong>MCHES04P40<\/strong><\/td>\n<td>4<\/td>\n<td width=\"123\">76 \/ 1900<\/td>\n<td>26 \/ 650<\/td>\n<td>24 \/ 600<\/td>\n<td width=\"117\">640,000<\/td>\n<\/tr>\n<tr>\n<td colspan=\"6\" width=\"707\"><strong>Power Flame P-50 Stoves by ModernChef<\/strong><\/td>\n<\/tr>\n<tr>\n<td width=\"120\"><strong>MCHES01P50<\/strong><\/td>\n<td>1<\/td>\n<td width=\"123\">26 \/ 650<\/td>\n<td>26 \/ 650<\/td>\n<td>30 \/ 750<\/td>\n<td width=\"117\">255,000<\/td>\n<\/tr>\n<tr>\n<td width=\"120\"><strong>MCHES02P50<\/strong><\/td>\n<td>2<\/td>\n<td width=\"123\">48 \/ 1200<\/td>\n<td>26 \/ 650<\/td>\n<td>30 \/ 750<\/td>\n<td width=\"117\">510,000<\/td>\n<\/tr>\n<tr>\n<td width=\"120\"><strong>MCHES03P50<\/strong><\/td>\n<td>3<\/td>\n<td width=\"123\">70 \/ 1750<\/td>\n<td>26 \/ 650<\/td>\n<td>30 \/ 750<\/td>\n<td width=\"117\">765,000<\/td>\n<\/tr>\n<tr>\n<td width=\"120\"><strong>MCHES04P50<\/strong><\/td>\n<td>4<\/td>\n<td width=\"123\">92 \/ 2300<\/td>\n<td>26 \/ 650<\/td>\n<td>30 \/ 750<\/td>\n<td width=\"117\">1,020,000<\/td>\n<\/tr>\n<\/tbody>\n<\/table>\n<p>&nbsp;<\/p>\n<p><iframe title=\"Video de Estuf\u00f3n Power Flame P 40 de 1 quemador \u2013 26x26x24\u00a8 \u2013 Modernchef Mod  MCHES01P40\" width=\"1170\" height=\"658\" src=\"https:\/\/www.youtube.com\/embed\/0Y2WcqXzX7g?feature=oembed\" frameborder=\"0\" allow=\"accelerometer; autoplay; clipboard-write; encrypted-media; gyroscope; picture-in-picture; web-share\" referrerpolicy=\"strict-origin-when-cross-origin\" allowfullscreen><\/iframe><\/p>\n<h4><\/h4>","protected":false},"excerpt":{"rendered":"<p><strong><a href=\"https:\/\/metalgas.com.do\/wp-content\/uploads\/2024\/09\/Estufones-Power-Flame-2024.pdf\" class=\"shortcode button    light-blue medium rounded\" target=\"_blank\">brochure download<\/a><\/strong><\/p>\n<p>&nbsp;<\/p>\n<p><strong>Power Flame stoves are designed for chefs and commercial kitchens who demand precision and power. Available in P40 and P50 variants, these stoves offer from 1 to 4 burners, adjusting to the needs of any size kitchen. The P40 models come with 3 flame channels, while the P50 features 4 channels, providing superior control and cooking flexibility.<\/strong><\/p>\n<p><strong>Additional characteristics<\/strong><\/p>\n<ul>\n<li><strong>Robust construction: <\/strong>Stainless steel front and backrest guarantee durability and resistance to the rigorous demands of professional kitchens.<\/li>\n<li><strong>Grease collection tray: <\/strong>Makes cleaning easier and improves safety by capturing grease and reducing the risk of fires.<\/li>\n<li><strong>Angle base: <\/strong>Provides exceptional stability, essential for safe and effective use in high traffic environments.<\/li>\n<\/ul>","protected":false},"featured_media":5416,"comment_status":"open","ping_status":"closed","template":"","meta":{"_joinchat":[]},"product_brand":[],"product_cat":[651,269,652,308,309,225],"product_tag":[],"class_list":{"0":"post-7938","1":"product","2":"type-product","3":"status-publish","4":"has-post-thumbnail","6":"product_cat-power-flame","7":"product_cat-equipos-calientes-y-de-coccion","8":"product_cat-estufones-power-flame","9":"product_cat-estufones","10":"product_cat-estufones-modern-chef","11":"product_cat-modern-chef","13":"first","14":"onbackorder","15":"taxable","16":"shipping-taxable","17":"purchasable","18":"product-type-simple"},"yoast_head":"<!-- This site is optimized with the Yoast SEO plugin v27.4 - https:\/\/yoast.com\/product\/yoast-seo-wordpress\/ -->\n<title>Estuf\u00f3n Power Flame P-40 de 1 quemador - 26x26x24\u00a8 - Modernchef Mod. MCHES01P40 - METALGAS SRL<\/title>\n<meta name=\"robots\" content=\"index, follow, max-snippet:-1, max-image-preview:large, max-video-preview:-1\" \/>\n<link rel=\"canonical\" href=\"https:\/\/metalgas.com.do\/en\/product\/estufon-modern-chef-1-quemador-mod-268-eang1p40\/\" \/>\n<meta property=\"og:locale\" content=\"en_US\" \/>\n<meta property=\"og:type\" content=\"article\" \/>\n<meta property=\"og:title\" content=\"Estuf\u00f3n Power Flame P-40 de 1 quemador - 26x26x24\u00a8 - Modernchef Mod. MCHES01P40 - METALGAS SRL\" \/>\n<meta property=\"og:description\" content=\"&nbsp;  Los estufones Power Flame est\u00e1n dise\u00f1ados para chefs y cocinas comerciales que demandan precisi\u00f3n y potencia. Disponibles en variantes P40 y P50, estos estufones ofrecen de 1 a 4 quemadores, ajust\u00e1ndose a las necesidades de cualquier tama\u00f1o de cocina. Los modelos P40 vienen con 3 canales de llamas, mientras que los P50 cuentan con 4 canales, proporcionando control superior y flexibilidad en la cocci\u00f3n.  Caracter\u00edsticas adicionales   Construcci\u00f3n robusta: Parte frontal y respaldo en acero inoxidable, garantizan durabilidad y resistencia a las rigurosas demandas de las cocinas profesionales.  Bandeja recolectora de grasa: Facilita la limpieza y mejora la seguridad al capturar la grasa y reducir el riesgo de incendios.  Base angular: Proporciona una estabilidad excepcional, esencial para el uso seguro y efectivo en ambientes de alto tr\u00e1fico.\" \/>\n<meta property=\"og:url\" content=\"https:\/\/metalgas.com.do\/en\/product\/estufon-modern-chef-1-quemador-mod-268-eang1p40\/\" \/>\n<meta property=\"og:site_name\" content=\"METALGAS SRL\" \/>\n<meta property=\"article:publisher\" content=\"https:\/\/www.facebook.com\/metalgasdr\" \/>\n<meta property=\"article:modified_time\" content=\"2026-04-16T22:01:13+00:00\" \/>\n<meta property=\"og:image\" content=\"https:\/\/metalgas.com.do\/wp-content\/uploads\/2023\/02\/Bano-maria-MODERNCHEF-WB6GCLP-img-TEMPORAL-1.jpg\" \/>\n\t<meta property=\"og:image:width\" content=\"400\" \/>\n\t<meta property=\"og:image:height\" content=\"320\" \/>\n\t<meta property=\"og:image:type\" content=\"image\/jpeg\" \/>\n<meta name=\"twitter:card\" content=\"summary_large_image\" \/>\n<meta name=\"twitter:label1\" content=\"Est. reading time\" \/>\n\t<meta name=\"twitter:data1\" content=\"3 minutes\" \/>\n<script type=\"application\/ld+json\" class=\"yoast-schema-graph\">{\"@context\":\"https:\\\/\\\/schema.org\",\"@graph\":[{\"@type\":\"WebPage\",\"@id\":\"https:\\\/\\\/metalgas.com.do\\\/product\\\/estufon-modern-chef-1-quemador-mod-268-eang1p40\\\/\",\"url\":\"https:\\\/\\\/metalgas.com.do\\\/product\\\/estufon-modern-chef-1-quemador-mod-268-eang1p40\\\/\",\"name\":\"Estuf\u00f3n Power Flame P-40 de 1 quemador - 26x26x24\u00a8 - Modernchef Mod. MCHES01P40 - METALGAS SRL\",\"isPartOf\":{\"@id\":\"https:\\\/\\\/metalgas.com.do\\\/#website\"},\"primaryImageOfPage\":{\"@id\":\"https:\\\/\\\/metalgas.com.do\\\/product\\\/estufon-modern-chef-1-quemador-mod-268-eang1p40\\\/#primaryimage\"},\"image\":{\"@id\":\"https:\\\/\\\/metalgas.com.do\\\/product\\\/estufon-modern-chef-1-quemador-mod-268-eang1p40\\\/#primaryimage\"},\"thumbnailUrl\":\"https:\\\/\\\/metalgas.com.do\\\/wp-content\\\/uploads\\\/2023\\\/02\\\/Bano-maria-MODERNCHEF-WB6GCLP-img-TEMPORAL-1.jpg\",\"datePublished\":\"2023-04-19T21:52:42+00:00\",\"dateModified\":\"2026-04-16T22:01:13+00:00\",\"breadcrumb\":{\"@id\":\"https:\\\/\\\/metalgas.com.do\\\/product\\\/estufon-modern-chef-1-quemador-mod-268-eang1p40\\\/#breadcrumb\"},\"inLanguage\":\"en-US\",\"potentialAction\":[{\"@type\":\"ReadAction\",\"target\":[\"https:\\\/\\\/metalgas.com.do\\\/product\\\/estufon-modern-chef-1-quemador-mod-268-eang1p40\\\/\"]}]},{\"@type\":\"ImageObject\",\"inLanguage\":\"en-US\",\"@id\":\"https:\\\/\\\/metalgas.com.do\\\/product\\\/estufon-modern-chef-1-quemador-mod-268-eang1p40\\\/#primaryimage\",\"url\":\"https:\\\/\\\/metalgas.com.do\\\/wp-content\\\/uploads\\\/2023\\\/02\\\/Bano-maria-MODERNCHEF-WB6GCLP-img-TEMPORAL-1.jpg\",\"contentUrl\":\"https:\\\/\\\/metalgas.com.do\\\/wp-content\\\/uploads\\\/2023\\\/02\\\/Bano-maria-MODERNCHEF-WB6GCLP-img-TEMPORAL-1.jpg\",\"width\":400,\"height\":320},{\"@type\":\"BreadcrumbList\",\"@id\":\"https:\\\/\\\/metalgas.com.do\\\/product\\\/estufon-modern-chef-1-quemador-mod-268-eang1p40\\\/#breadcrumb\",\"itemListElement\":[{\"@type\":\"ListItem\",\"position\":1,\"name\":\"Portada\",\"item\":\"https:\\\/\\\/metalgas.com.do\\\/\"},{\"@type\":\"ListItem\",\"position\":2,\"name\":\"Productos de Tienda\",\"item\":\"https:\\\/\\\/metalgas.com.do\\\/tienda\\\/\"},{\"@type\":\"ListItem\",\"position\":3,\"name\":\"Estuf\u00f3n Power Flame P-40 de 1 quemador &#8211; 26x26x24\u00a8 &#8211; Modernchef Mod. MCHES01P40\"}]},{\"@type\":\"WebSite\",\"@id\":\"https:\\\/\\\/metalgas.com.do\\\/#website\",\"url\":\"https:\\\/\\\/metalgas.com.do\\\/\",\"name\":\"METALGAS SRL\",\"description\":\"Con gran gama de productos tanto de fabricaci\u00f3n local como de representaciones de marcas internacionales.\",\"publisher\":{\"@id\":\"https:\\\/\\\/metalgas.com.do\\\/#organization\"},\"potentialAction\":[{\"@type\":\"SearchAction\",\"target\":{\"@type\":\"EntryPoint\",\"urlTemplate\":\"https:\\\/\\\/metalgas.com.do\\\/?s={search_term_string}\"},\"query-input\":{\"@type\":\"PropertyValueSpecification\",\"valueRequired\":true,\"valueName\":\"search_term_string\"}}],\"inLanguage\":\"en-US\"},{\"@type\":\"Organization\",\"@id\":\"https:\\\/\\\/metalgas.com.do\\\/#organization\",\"name\":\"METALGAS SRL\",\"url\":\"https:\\\/\\\/metalgas.com.do\\\/\",\"logo\":{\"@type\":\"ImageObject\",\"inLanguage\":\"en-US\",\"@id\":\"https:\\\/\\\/metalgas.com.do\\\/#\\\/schema\\\/logo\\\/image\\\/\",\"url\":\"https:\\\/\\\/metalgas.com.do\\\/wp-content\\\/uploads\\\/2023\\\/02\\\/Logos-Metalgas.svg\",\"contentUrl\":\"https:\\\/\\\/metalgas.com.do\\\/wp-content\\\/uploads\\\/2023\\\/02\\\/Logos-Metalgas.svg\",\"width\":1112,\"height\":179,\"caption\":\"METALGAS SRL\"},\"image\":{\"@id\":\"https:\\\/\\\/metalgas.com.do\\\/#\\\/schema\\\/logo\\\/image\\\/\"},\"sameAs\":[\"https:\\\/\\\/www.facebook.com\\\/metalgasdr\",\"https:\\\/\\\/www.instagram.com\\\/metalgasrd\\\/?hl=es\"]}]}<\/script>\n<!-- \/ Yoast SEO plugin. -->","yoast_head_json":{"title":"Estuf\u00f3n Power Flame P-40 de 1 quemador - 26x26x24\u00a8 - Modernchef Mod. MCHES01P40 - METALGAS SRL","robots":{"index":"index","follow":"follow","max-snippet":"max-snippet:-1","max-image-preview":"max-image-preview:large","max-video-preview":"max-video-preview:-1"},"canonical":"https:\/\/metalgas.com.do\/en\/product\/estufon-modern-chef-1-quemador-mod-268-eang1p40\/","og_locale":"en_US","og_type":"article","og_title":"Estuf\u00f3n Power Flame P-40 de 1 quemador - 26x26x24\u00a8 - Modernchef Mod. MCHES01P40 - METALGAS SRL","og_description":"&nbsp;  Los estufones Power Flame est\u00e1n dise\u00f1ados para chefs y cocinas comerciales que demandan precisi\u00f3n y potencia. Disponibles en variantes P40 y P50, estos estufones ofrecen de 1 a 4 quemadores, ajust\u00e1ndose a las necesidades de cualquier tama\u00f1o de cocina. Los modelos P40 vienen con 3 canales de llamas, mientras que los P50 cuentan con 4 canales, proporcionando control superior y flexibilidad en la cocci\u00f3n.  Caracter\u00edsticas adicionales   Construcci\u00f3n robusta: Parte frontal y respaldo en acero inoxidable, garantizan durabilidad y resistencia a las rigurosas demandas de las cocinas profesionales.  Bandeja recolectora de grasa: Facilita la limpieza y mejora la seguridad al capturar la grasa y reducir el riesgo de incendios.  Base angular: Proporciona una estabilidad excepcional, esencial para el uso seguro y efectivo en ambientes de alto tr\u00e1fico.","og_url":"https:\/\/metalgas.com.do\/en\/product\/estufon-modern-chef-1-quemador-mod-268-eang1p40\/","og_site_name":"METALGAS SRL","article_publisher":"https:\/\/www.facebook.com\/metalgasdr","article_modified_time":"2026-04-16T22:01:13+00:00","og_image":[{"width":400,"height":320,"url":"https:\/\/metalgas.com.do\/wp-content\/uploads\/2023\/02\/Bano-maria-MODERNCHEF-WB6GCLP-img-TEMPORAL-1.jpg","type":"image\/jpeg"}],"twitter_card":"summary_large_image","twitter_misc":{"Est. reading time":"3 minutes"},"schema":{"@context":"https:\/\/schema.org","@graph":[{"@type":"WebPage","@id":"https:\/\/metalgas.com.do\/product\/estufon-modern-chef-1-quemador-mod-268-eang1p40\/","url":"https:\/\/metalgas.com.do\/product\/estufon-modern-chef-1-quemador-mod-268-eang1p40\/","name":"Estuf\u00f3n Power Flame P-40 de 1 quemador - 26x26x24\u00a8 - Modernchef Mod. MCHES01P40 - METALGAS SRL","isPartOf":{"@id":"https:\/\/metalgas.com.do\/#website"},"primaryImageOfPage":{"@id":"https:\/\/metalgas.com.do\/product\/estufon-modern-chef-1-quemador-mod-268-eang1p40\/#primaryimage"},"image":{"@id":"https:\/\/metalgas.com.do\/product\/estufon-modern-chef-1-quemador-mod-268-eang1p40\/#primaryimage"},"thumbnailUrl":"https:\/\/metalgas.com.do\/wp-content\/uploads\/2023\/02\/Bano-maria-MODERNCHEF-WB6GCLP-img-TEMPORAL-1.jpg","datePublished":"2023-04-19T21:52:42+00:00","dateModified":"2026-04-16T22:01:13+00:00","breadcrumb":{"@id":"https:\/\/metalgas.com.do\/product\/estufon-modern-chef-1-quemador-mod-268-eang1p40\/#breadcrumb"},"inLanguage":"en-US","potentialAction":[{"@type":"ReadAction","target":["https:\/\/metalgas.com.do\/product\/estufon-modern-chef-1-quemador-mod-268-eang1p40\/"]}]},{"@type":"ImageObject","inLanguage":"en-US","@id":"https:\/\/metalgas.com.do\/product\/estufon-modern-chef-1-quemador-mod-268-eang1p40\/#primaryimage","url":"https:\/\/metalgas.com.do\/wp-content\/uploads\/2023\/02\/Bano-maria-MODERNCHEF-WB6GCLP-img-TEMPORAL-1.jpg","contentUrl":"https:\/\/metalgas.com.do\/wp-content\/uploads\/2023\/02\/Bano-maria-MODERNCHEF-WB6GCLP-img-TEMPORAL-1.jpg","width":400,"height":320},{"@type":"BreadcrumbList","@id":"https:\/\/metalgas.com.do\/product\/estufon-modern-chef-1-quemador-mod-268-eang1p40\/#breadcrumb","itemListElement":[{"@type":"ListItem","position":1,"name":"Portada","item":"https:\/\/metalgas.com.do\/"},{"@type":"ListItem","position":2,"name":"Productos de Tienda","item":"https:\/\/metalgas.com.do\/tienda\/"},{"@type":"ListItem","position":3,"name":"Estuf\u00f3n Power Flame P-40 de 1 quemador &#8211; 26x26x24\u00a8 &#8211; Modernchef Mod. MCHES01P40"}]},{"@type":"WebSite","@id":"https:\/\/metalgas.com.do\/#website","url":"https:\/\/metalgas.com.do\/","name":"METALGAS SRL","description":"With a wide range of products both locally manufactured and international brand representatives.","publisher":{"@id":"https:\/\/metalgas.com.do\/#organization"},"potentialAction":[{"@type":"SearchAction","target":{"@type":"EntryPoint","urlTemplate":"https:\/\/metalgas.com.do\/?s={search_term_string}"},"query-input":{"@type":"PropertyValueSpecification","valueRequired":true,"valueName":"search_term_string"}}],"inLanguage":"en-US"},{"@type":"Organization","@id":"https:\/\/metalgas.com.do\/#organization","name":"METALGAS SRL","url":"https:\/\/metalgas.com.do\/","logo":{"@type":"ImageObject","inLanguage":"en-US","@id":"https:\/\/metalgas.com.do\/#\/schema\/logo\/image\/","url":"https:\/\/metalgas.com.do\/wp-content\/uploads\/2023\/02\/Logos-Metalgas.svg","contentUrl":"https:\/\/metalgas.com.do\/wp-content\/uploads\/2023\/02\/Logos-Metalgas.svg","width":1112,"height":179,"caption":"METALGAS SRL"},"image":{"@id":"https:\/\/metalgas.com.do\/#\/schema\/logo\/image\/"},"sameAs":["https:\/\/www.facebook.com\/metalgasdr","https:\/\/www.instagram.com\/metalgasrd\/?hl=es"]}]}},"_links":{"self":[{"href":"https:\/\/metalgas.com.do\/en\/wp-json\/wp\/v2\/product\/7938","targetHints":{"allow":["GET"]}}],"collection":[{"href":"https:\/\/metalgas.com.do\/en\/wp-json\/wp\/v2\/product"}],"about":[{"href":"https:\/\/metalgas.com.do\/en\/wp-json\/wp\/v2\/types\/product"}],"replies":[{"embeddable":true,"href":"https:\/\/metalgas.com.do\/en\/wp-json\/wp\/v2\/comments?post=7938"}],"version-history":[{"count":15,"href":"https:\/\/metalgas.com.do\/en\/wp-json\/wp\/v2\/product\/7938\/revisions"}],"predecessor-version":[{"id":23848,"href":"https:\/\/metalgas.com.do\/en\/wp-json\/wp\/v2\/product\/7938\/revisions\/23848"}],"wp:featuredmedia":[{"embeddable":true,"href":"https:\/\/metalgas.com.do\/en\/wp-json\/wp\/v2\/media\/5416"}],"wp:attachment":[{"href":"https:\/\/metalgas.com.do\/en\/wp-json\/wp\/v2\/media?parent=7938"}],"wp:term":[{"taxonomy":"product_brand","embeddable":true,"href":"https:\/\/metalgas.com.do\/en\/wp-json\/wp\/v2\/product_brand?post=7938"},{"taxonomy":"product_cat","embeddable":true,"href":"https:\/\/metalgas.com.do\/en\/wp-json\/wp\/v2\/product_cat?post=7938"},{"taxonomy":"product_tag","embeddable":true,"href":"https:\/\/metalgas.com.do\/en\/wp-json\/wp\/v2\/product_tag?post=7938"}],"curies":[{"name":"wp","href":"https:\/\/api.w.org\/{rel}","templated":true}]}}