{"id":8242,"date":"2023-04-19T21:56:36","date_gmt":"2023-04-19T21:56:36","guid":{"rendered":"https:\/\/metalgas.pay2commerce.com\/?post_type=product&#038;p=8242"},"modified":"2026-05-15T18:06:29","modified_gmt":"2026-05-15T22:06:29","slug":"freidor-de-mesa-modernchef-goldstone-1-canasta-17743btu-de-gas-mod-mge-rqz-71","status":"publish","type":"product","link":"https:\/\/metalgas.com.do\/en\/product\/freidor-de-mesa-modernchef-goldstone-1-canasta-17743btu-de-gas-mod-mge-rqz-71\/","title":{"rendered":"MODERNCHEF GOLDSTONE tabletop fryer 1 basket 17,743BTU gas Mod. MGE-RQZ-71"},"content":{"rendered":"<div data-elementor-type=\"product-post\" data-elementor-id=\"8242\" class=\"elementor elementor-8242\" data-elementor-post-type=\"product\">\n\t\t\t\t<div class=\"elementor-element elementor-element-760de729 e-flex e-con-boxed e-con e-parent\" data-id=\"760de729\" data-element_type=\"container\" data-e-type=\"container\">\n\t\t\t\t\t<div class=\"e-con-inner\">\n\t\t\t\t<div class=\"elementor-element elementor-element-39ec2961 elementor-widget elementor-widget-text-editor\" data-id=\"39ec2961\" data-element_type=\"widget\" data-e-type=\"widget\" data-widget_type=\"text-editor.default\">\n\t\t\t\t<div class=\"elementor-widget-container\">\n\t\t\t\t\t\t\t\t\t<h3>Modernchef Deep Fryer \u2013 Features and Benefits<\/h3>\r\nHeavy-duty, long-lasting, easy-to-clean stainless steel construction. Easy-to-use compact design with fire control valve\r\n<ul>\r\n \t<li>17,743 BTUs<\/li>\r\n \t<li>5.2 kW<\/li>\r\n \t<li>fire control valves<\/li>\r\n \t<li>Dimension (290 X 520 X 445) mm<\/li>\r\n \t<li>1 basket<\/li>\r\n<\/ul>\t\t\t\t\t\t\t\t<\/div>\n\t\t\t\t<\/div>\n\t\t\t\t\t<\/div>\n\t\t\t\t<\/div>\n\t\t<div class=\"elementor-element elementor-element-dd793ea e-flex e-con-boxed e-con e-parent\" data-id=\"dd793ea\" data-element_type=\"container\" data-e-type=\"container\">\n\t\t\t\t\t<div class=\"e-con-inner\">\n\t\t\t\t<div class=\"elementor-element elementor-element-bbe998c elementor-widget elementor-widget-video\" data-id=\"bbe998c\" data-element_type=\"widget\" data-e-type=\"widget\" data-settings=\"{&quot;youtube_url&quot;:&quot;https:\\\/\\\/youtu.be\\\/gsNrAtb-YDI&quot;,&quot;video_type&quot;:&quot;youtube&quot;,&quot;controls&quot;:&quot;yes&quot;}\" data-widget_type=\"video.default\">\n\t\t\t\t<div class=\"elementor-widget-container\">\n\t\t\t\t\t\t\t<div class=\"elementor-wrapper elementor-open-inline\">\n\t\t\t<div class=\"elementor-video\"><\/div>\t\t<\/div>\n\t\t\t\t\t\t<\/div>\n\t\t\t\t<\/div>\n\t\t\t\t\t<\/div>\n\t\t\t\t<\/div>\n\t\t\t\t<\/div>","protected":false},"excerpt":{"rendered":"<p><a href=\"https:\/\/metalgas.com.do\/wp-content\/uploads\/2018\/12\/BROCHURE-freidor-mesa-71-y-72-goldston-FINALE.pdf\" class=\"shortcode button    light-blue medium rounded\" target=\"_blank\">brochure download<\/a><\/p>","protected":false},"featured_media":5953,"comment_status":"closed","ping_status":"closed","template":"","meta":{"_joinchat":[]},"product_brand":[],"product_cat":[452,269,459,380,225],"product_tag":[],"class_list":{"0":"post-8242","1":"product","2":"type-product","3":"status-publish","4":"has-post-thumbnail","6":"product_cat-3-goldstone","7":"product_cat-equipos-calientes-y-de-coccion","8":"product_cat-freidores-3-goldstone","9":"product_cat-freidores-equipos-calientes-y-de-coccion","10":"product_cat-modern-chef","12":"first","13":"onbackorder","14":"taxable","15":"shipping-taxable","16":"purchasable","17":"product-type-simple"},"yoast_head":"<!-- This site is optimized with the Yoast SEO plugin v27.6 - https:\/\/yoast.com\/product\/yoast-seo-wordpress\/ -->\n<title>Freidor de mesa - METALGAS SRL<\/title>\n<meta name=\"description\" content=\"Freidor en acero inoxidable resistente, de larga duraci\u00f3n, f\u00e1cil de limpiar. Dise\u00f1o compacto de f\u00e1cil uso con v\u00e1lvula de control de fuego.\" \/>\n<meta name=\"robots\" content=\"index, follow, max-snippet:-1, max-image-preview:large, max-video-preview:-1\" \/>\n<link rel=\"canonical\" href=\"https:\/\/metalgas.com.do\/en\/product\/freidor-de-mesa-modernchef-goldstone-1-canasta-17743btu-de-gas-mod-mge-rqz-71\/\" \/>\n<meta property=\"og:locale\" content=\"en_US\" \/>\n<meta property=\"og:type\" content=\"article\" \/>\n<meta property=\"og:title\" content=\"Freidor de mesa - METALGAS SRL\" \/>\n<meta property=\"og:description\" content=\"Freidor en acero inoxidable resistente, de larga duraci\u00f3n, f\u00e1cil de limpiar. Dise\u00f1o compacto de f\u00e1cil uso con v\u00e1lvula de control de fuego.\" \/>\n<meta property=\"og:url\" content=\"https:\/\/metalgas.com.do\/en\/product\/freidor-de-mesa-modernchef-goldstone-1-canasta-17743btu-de-gas-mod-mge-rqz-71\/\" \/>\n<meta property=\"og:site_name\" content=\"METALGAS SRL\" \/>\n<meta property=\"article:publisher\" content=\"https:\/\/www.facebook.com\/metalgasdr\" \/>\n<meta property=\"article:modified_time\" content=\"2026-05-15T22:06:29+00:00\" \/>\n<meta property=\"og:image\" content=\"https:\/\/metalgas.com.do\/wp-content\/uploads\/2023\/02\/Freidor-de-mesa-MODERNCHEF-GOLDSTONE-1-canasta-17743BTU-de-gas-Mod.-MGE-RQZ-71__.jpg\" \/>\n\t<meta property=\"og:image:width\" content=\"400\" \/>\n\t<meta property=\"og:image:height\" content=\"320\" \/>\n\t<meta property=\"og:image:type\" content=\"image\/jpeg\" \/>\n<meta name=\"twitter:card\" content=\"summary_large_image\" \/>\n<script type=\"application\/ld+json\" class=\"yoast-schema-graph\">{\"@context\":\"https:\\\/\\\/schema.org\",\"@graph\":[{\"@type\":\"WebPage\",\"@id\":\"https:\\\/\\\/metalgas.com.do\\\/product\\\/freidor-de-mesa-modernchef-goldstone-1-canasta-17743btu-de-gas-mod-mge-rqz-71\\\/\",\"url\":\"https:\\\/\\\/metalgas.com.do\\\/product\\\/freidor-de-mesa-modernchef-goldstone-1-canasta-17743btu-de-gas-mod-mge-rqz-71\\\/\",\"name\":\"Freidor de mesa - METALGAS SRL\",\"isPartOf\":{\"@id\":\"https:\\\/\\\/metalgas.com.do\\\/#website\"},\"primaryImageOfPage\":{\"@id\":\"https:\\\/\\\/metalgas.com.do\\\/product\\\/freidor-de-mesa-modernchef-goldstone-1-canasta-17743btu-de-gas-mod-mge-rqz-71\\\/#primaryimage\"},\"image\":{\"@id\":\"https:\\\/\\\/metalgas.com.do\\\/product\\\/freidor-de-mesa-modernchef-goldstone-1-canasta-17743btu-de-gas-mod-mge-rqz-71\\\/#primaryimage\"},\"thumbnailUrl\":\"https:\\\/\\\/metalgas.com.do\\\/wp-content\\\/uploads\\\/2023\\\/02\\\/Freidor-de-mesa-MODERNCHEF-GOLDSTONE-1-canasta-17743BTU-de-gas-Mod.-MGE-RQZ-71__.jpg\",\"datePublished\":\"2023-04-19T21:56:36+00:00\",\"dateModified\":\"2026-05-15T22:06:29+00:00\",\"description\":\"Freidor en acero inoxidable resistente, de larga duraci\u00f3n, f\u00e1cil de limpiar. Dise\u00f1o compacto de f\u00e1cil uso con v\u00e1lvula de control de fuego.\",\"breadcrumb\":{\"@id\":\"https:\\\/\\\/metalgas.com.do\\\/product\\\/freidor-de-mesa-modernchef-goldstone-1-canasta-17743btu-de-gas-mod-mge-rqz-71\\\/#breadcrumb\"},\"inLanguage\":\"en-US\",\"potentialAction\":[{\"@type\":\"ReadAction\",\"target\":[\"https:\\\/\\\/metalgas.com.do\\\/product\\\/freidor-de-mesa-modernchef-goldstone-1-canasta-17743btu-de-gas-mod-mge-rqz-71\\\/\"]}]},{\"@type\":\"ImageObject\",\"inLanguage\":\"en-US\",\"@id\":\"https:\\\/\\\/metalgas.com.do\\\/product\\\/freidor-de-mesa-modernchef-goldstone-1-canasta-17743btu-de-gas-mod-mge-rqz-71\\\/#primaryimage\",\"url\":\"https:\\\/\\\/metalgas.com.do\\\/wp-content\\\/uploads\\\/2023\\\/02\\\/Freidor-de-mesa-MODERNCHEF-GOLDSTONE-1-canasta-17743BTU-de-gas-Mod.-MGE-RQZ-71__.jpg\",\"contentUrl\":\"https:\\\/\\\/metalgas.com.do\\\/wp-content\\\/uploads\\\/2023\\\/02\\\/Freidor-de-mesa-MODERNCHEF-GOLDSTONE-1-canasta-17743BTU-de-gas-Mod.-MGE-RQZ-71__.jpg\",\"width\":400,\"height\":320},{\"@type\":\"BreadcrumbList\",\"@id\":\"https:\\\/\\\/metalgas.com.do\\\/product\\\/freidor-de-mesa-modernchef-goldstone-1-canasta-17743btu-de-gas-mod-mge-rqz-71\\\/#breadcrumb\",\"itemListElement\":[{\"@type\":\"ListItem\",\"position\":1,\"name\":\"Portada\",\"item\":\"https:\\\/\\\/metalgas.com.do\\\/\"},{\"@type\":\"ListItem\",\"position\":2,\"name\":\"Productos de Tienda\",\"item\":\"https:\\\/\\\/metalgas.com.do\\\/tienda\\\/\"},{\"@type\":\"ListItem\",\"position\":3,\"name\":\"Freidor de mesa MODERNCHEF GOLDSTONE 1 canasta 17,743BTU de gas Mod. MGE-RQZ-71\"}]},{\"@type\":\"WebSite\",\"@id\":\"https:\\\/\\\/metalgas.com.do\\\/#website\",\"url\":\"https:\\\/\\\/metalgas.com.do\\\/\",\"name\":\"METALGAS SRL\",\"description\":\"Con gran gama de productos tanto de fabricaci\u00f3n local como de representaciones de marcas internacionales.\",\"publisher\":{\"@id\":\"https:\\\/\\\/metalgas.com.do\\\/#organization\"},\"potentialAction\":[{\"@type\":\"SearchAction\",\"target\":{\"@type\":\"EntryPoint\",\"urlTemplate\":\"https:\\\/\\\/metalgas.com.do\\\/?s={search_term_string}\"},\"query-input\":{\"@type\":\"PropertyValueSpecification\",\"valueRequired\":true,\"valueName\":\"search_term_string\"}}],\"inLanguage\":\"en-US\"},{\"@type\":\"Organization\",\"@id\":\"https:\\\/\\\/metalgas.com.do\\\/#organization\",\"name\":\"METALGAS SRL\",\"url\":\"https:\\\/\\\/metalgas.com.do\\\/\",\"logo\":{\"@type\":\"ImageObject\",\"inLanguage\":\"en-US\",\"@id\":\"https:\\\/\\\/metalgas.com.do\\\/#\\\/schema\\\/logo\\\/image\\\/\",\"url\":\"https:\\\/\\\/metalgas.com.do\\\/wp-content\\\/uploads\\\/2023\\\/02\\\/Logos-Metalgas.svg\",\"contentUrl\":\"https:\\\/\\\/metalgas.com.do\\\/wp-content\\\/uploads\\\/2023\\\/02\\\/Logos-Metalgas.svg\",\"width\":1112,\"height\":179,\"caption\":\"METALGAS SRL\"},\"image\":{\"@id\":\"https:\\\/\\\/metalgas.com.do\\\/#\\\/schema\\\/logo\\\/image\\\/\"},\"sameAs\":[\"https:\\\/\\\/www.facebook.com\\\/metalgasdr\",\"https:\\\/\\\/www.instagram.com\\\/metalgasrd\\\/?hl=es\"]}]}<\/script>\n<!-- \/ Yoast SEO plugin. -->","yoast_head_json":{"title":"Freidor de mesa - METALGAS SRL","description":"Freidor en acero inoxidable resistente, de larga duraci\u00f3n, f\u00e1cil de limpiar. Dise\u00f1o compacto de f\u00e1cil uso con v\u00e1lvula de control de fuego.","robots":{"index":"index","follow":"follow","max-snippet":"max-snippet:-1","max-image-preview":"max-image-preview:large","max-video-preview":"max-video-preview:-1"},"canonical":"https:\/\/metalgas.com.do\/en\/product\/freidor-de-mesa-modernchef-goldstone-1-canasta-17743btu-de-gas-mod-mge-rqz-71\/","og_locale":"en_US","og_type":"article","og_title":"Freidor de mesa - METALGAS SRL","og_description":"Freidor en acero inoxidable resistente, de larga duraci\u00f3n, f\u00e1cil de limpiar. Dise\u00f1o compacto de f\u00e1cil uso con v\u00e1lvula de control de fuego.","og_url":"https:\/\/metalgas.com.do\/en\/product\/freidor-de-mesa-modernchef-goldstone-1-canasta-17743btu-de-gas-mod-mge-rqz-71\/","og_site_name":"METALGAS SRL","article_publisher":"https:\/\/www.facebook.com\/metalgasdr","article_modified_time":"2026-05-15T22:06:29+00:00","og_image":[{"width":400,"height":320,"url":"https:\/\/metalgas.com.do\/wp-content\/uploads\/2023\/02\/Freidor-de-mesa-MODERNCHEF-GOLDSTONE-1-canasta-17743BTU-de-gas-Mod.-MGE-RQZ-71__.jpg","type":"image\/jpeg"}],"twitter_card":"summary_large_image","schema":{"@context":"https:\/\/schema.org","@graph":[{"@type":"WebPage","@id":"https:\/\/metalgas.com.do\/product\/freidor-de-mesa-modernchef-goldstone-1-canasta-17743btu-de-gas-mod-mge-rqz-71\/","url":"https:\/\/metalgas.com.do\/product\/freidor-de-mesa-modernchef-goldstone-1-canasta-17743btu-de-gas-mod-mge-rqz-71\/","name":"Freidor de mesa - METALGAS SRL","isPartOf":{"@id":"https:\/\/metalgas.com.do\/#website"},"primaryImageOfPage":{"@id":"https:\/\/metalgas.com.do\/product\/freidor-de-mesa-modernchef-goldstone-1-canasta-17743btu-de-gas-mod-mge-rqz-71\/#primaryimage"},"image":{"@id":"https:\/\/metalgas.com.do\/product\/freidor-de-mesa-modernchef-goldstone-1-canasta-17743btu-de-gas-mod-mge-rqz-71\/#primaryimage"},"thumbnailUrl":"https:\/\/metalgas.com.do\/wp-content\/uploads\/2023\/02\/Freidor-de-mesa-MODERNCHEF-GOLDSTONE-1-canasta-17743BTU-de-gas-Mod.-MGE-RQZ-71__.jpg","datePublished":"2023-04-19T21:56:36+00:00","dateModified":"2026-05-15T22:06:29+00:00","description":"Freidor en acero inoxidable resistente, de larga duraci\u00f3n, f\u00e1cil de limpiar. Dise\u00f1o compacto de f\u00e1cil uso con v\u00e1lvula de control de fuego.","breadcrumb":{"@id":"https:\/\/metalgas.com.do\/product\/freidor-de-mesa-modernchef-goldstone-1-canasta-17743btu-de-gas-mod-mge-rqz-71\/#breadcrumb"},"inLanguage":"en-US","potentialAction":[{"@type":"ReadAction","target":["https:\/\/metalgas.com.do\/product\/freidor-de-mesa-modernchef-goldstone-1-canasta-17743btu-de-gas-mod-mge-rqz-71\/"]}]},{"@type":"ImageObject","inLanguage":"en-US","@id":"https:\/\/metalgas.com.do\/product\/freidor-de-mesa-modernchef-goldstone-1-canasta-17743btu-de-gas-mod-mge-rqz-71\/#primaryimage","url":"https:\/\/metalgas.com.do\/wp-content\/uploads\/2023\/02\/Freidor-de-mesa-MODERNCHEF-GOLDSTONE-1-canasta-17743BTU-de-gas-Mod.-MGE-RQZ-71__.jpg","contentUrl":"https:\/\/metalgas.com.do\/wp-content\/uploads\/2023\/02\/Freidor-de-mesa-MODERNCHEF-GOLDSTONE-1-canasta-17743BTU-de-gas-Mod.-MGE-RQZ-71__.jpg","width":400,"height":320},{"@type":"BreadcrumbList","@id":"https:\/\/metalgas.com.do\/product\/freidor-de-mesa-modernchef-goldstone-1-canasta-17743btu-de-gas-mod-mge-rqz-71\/#breadcrumb","itemListElement":[{"@type":"ListItem","position":1,"name":"Portada","item":"https:\/\/metalgas.com.do\/"},{"@type":"ListItem","position":2,"name":"Productos de Tienda","item":"https:\/\/metalgas.com.do\/tienda\/"},{"@type":"ListItem","position":3,"name":"Freidor de mesa MODERNCHEF GOLDSTONE 1 canasta 17,743BTU de gas Mod. MGE-RQZ-71"}]},{"@type":"WebSite","@id":"https:\/\/metalgas.com.do\/#website","url":"https:\/\/metalgas.com.do\/","name":"METALGAS SRL","description":"With a wide range of products both locally manufactured and international brand representatives.","publisher":{"@id":"https:\/\/metalgas.com.do\/#organization"},"potentialAction":[{"@type":"SearchAction","target":{"@type":"EntryPoint","urlTemplate":"https:\/\/metalgas.com.do\/?s={search_term_string}"},"query-input":{"@type":"PropertyValueSpecification","valueRequired":true,"valueName":"search_term_string"}}],"inLanguage":"en-US"},{"@type":"Organization","@id":"https:\/\/metalgas.com.do\/#organization","name":"METALGAS SRL","url":"https:\/\/metalgas.com.do\/","logo":{"@type":"ImageObject","inLanguage":"en-US","@id":"https:\/\/metalgas.com.do\/#\/schema\/logo\/image\/","url":"https:\/\/metalgas.com.do\/wp-content\/uploads\/2023\/02\/Logos-Metalgas.svg","contentUrl":"https:\/\/metalgas.com.do\/wp-content\/uploads\/2023\/02\/Logos-Metalgas.svg","width":1112,"height":179,"caption":"METALGAS SRL"},"image":{"@id":"https:\/\/metalgas.com.do\/#\/schema\/logo\/image\/"},"sameAs":["https:\/\/www.facebook.com\/metalgasdr","https:\/\/www.instagram.com\/metalgasrd\/?hl=es"]}]}},"_links":{"self":[{"href":"https:\/\/metalgas.com.do\/en\/wp-json\/wp\/v2\/product\/8242","targetHints":{"allow":["GET"]}}],"collection":[{"href":"https:\/\/metalgas.com.do\/en\/wp-json\/wp\/v2\/product"}],"about":[{"href":"https:\/\/metalgas.com.do\/en\/wp-json\/wp\/v2\/types\/product"}],"replies":[{"embeddable":true,"href":"https:\/\/metalgas.com.do\/en\/wp-json\/wp\/v2\/comments?post=8242"}],"version-history":[{"count":3,"href":"https:\/\/metalgas.com.do\/en\/wp-json\/wp\/v2\/product\/8242\/revisions"}],"predecessor-version":[{"id":13160,"href":"https:\/\/metalgas.com.do\/en\/wp-json\/wp\/v2\/product\/8242\/revisions\/13160"}],"wp:featuredmedia":[{"embeddable":true,"href":"https:\/\/metalgas.com.do\/en\/wp-json\/wp\/v2\/media\/5953"}],"wp:attachment":[{"href":"https:\/\/metalgas.com.do\/en\/wp-json\/wp\/v2\/media?parent=8242"}],"wp:term":[{"taxonomy":"product_brand","embeddable":true,"href":"https:\/\/metalgas.com.do\/en\/wp-json\/wp\/v2\/product_brand?post=8242"},{"taxonomy":"product_cat","embeddable":true,"href":"https:\/\/metalgas.com.do\/en\/wp-json\/wp\/v2\/product_cat?post=8242"},{"taxonomy":"product_tag","embeddable":true,"href":"https:\/\/metalgas.com.do\/en\/wp-json\/wp\/v2\/product_tag?post=8242"}],"curies":[{"name":"wp","href":"https:\/\/api.w.org\/{rel}","templated":true}]}}